{"id":67483,"date":"2025-02-28T14:11:46","date_gmt":"2025-02-28T17:11:46","guid":{"rendered":"https:\/\/crarn.org.br\/?page_id=67483"},"modified":"2026-04-17T16:53:17","modified_gmt":"2026-04-17T19:53:17","slug":"cadastro-responsaveis-tecnicos","status":"publish","type":"page","link":"https:\/\/crarn.org.br\/?page_id=67483","title":{"rendered":"CADASTRO RESPONS\u00c1VEIS T\u00c9CNICOS"},"content":{"rendered":"\t\t<div data-elementor-type=\"wp-page\" data-elementor-id=\"67483\" class=\"elementor elementor-67483\">\n\t\t\t\t\t\t<section class=\"elementor-section elementor-top-section elementor-element elementor-element-481b005b elementor-section-boxed elementor-section-height-default elementor-section-height-default\" data-id=\"481b005b\" data-element_type=\"section\" data-e-type=\"section\">\n\t\t\t\t\t\t<div class=\"elementor-container elementor-column-gap-default\">\n\t\t\t\t\t<div class=\"elementor-column elementor-col-100 elementor-top-column elementor-element elementor-element-261fbe0e\" data-id=\"261fbe0e\" data-element_type=\"column\" data-e-type=\"column\">\n\t\t\t<div class=\"elementor-widget-wrap elementor-element-populated\">\n\t\t\t\t\t\t<div class=\"elementor-element elementor-element-738539d3 elementor-widget elementor-widget-text-editor\" data-id=\"738539d3\" data-element_type=\"widget\" data-e-type=\"widget\" data-widget_type=\"text-editor.default\">\n\t\t\t\t<div class=\"elementor-widget-container\">\n\t\t\t\t\t\t\t\t\t\n<p><span style=\"font-size: 24px;\"><strong>CADASTRO DE PROFISSIONAIS DE ADMINISTRA\u00c7\u00c3O APTOS A EXERCEREM ATIVIDADE DE RESPONS\u00c1VEIS T\u00c9CNICOS<\/strong><\/span><\/p>\n<p>\u00a0<\/p>\n<p>\u00a0<\/p>\n<table style=\"width: 121%; height: 1530px;\">\n<tbody>\n<tr style=\"height: 68px;\">\n<td style=\"width: 18.7671%; height: 68px;\" width=\"245\">\n<p><strong><span style=\"font-size: 21px;\">PROFISSIONAL<\/span><\/strong><\/p>\n<\/td>\n<td style=\"width: 11.2494%; height: 68px;\" width=\"132\">\n<p><strong><span style=\"font-size: 21px;\">CELULAR<\/span><\/strong><\/p>\n<\/td>\n<td style=\"width: 35.5999%; height: 68px;\" width=\"227\">\n<p style=\"text-align: center;\"><strong><span style=\"font-size: 21px;\">E-MAIL<\/span><\/strong><\/p>\n<\/td>\n<td style=\"width: 15.0685%; height: 68px;\" width=\"113\">\n<p><strong><span style=\"font-size: 21px;\">CURR\u00cdCULO<\/span><\/strong><\/p>\n<\/td>\n<td style=\"width: 17.7984%; height: 68px;\" width=\"203\">\n<p style=\"text-align: center;\"><strong><span style=\"font-size: 21px;\">\u00c1REA DE INTERESSE<\/span><\/strong><\/p>\n<\/td>\n<\/tr>\n<tr style=\"height: 140px;\">\n<td style=\"width: 18.7671%; height: 140px;\" width=\"245\">\n<p><strong>Francisco Silva<\/strong><\/p>\n<\/td>\n<td style=\"width: 11.2494%; height: 140px;\" width=\"132\">\n<p><strong>(84) 99636-5021<\/strong><\/p>\n<\/td>\n<td style=\"width: 35.5999%; height: 140px;\" width=\"227\">\n<p><strong>\u00a0<a href=\"mailto:francisco.csilva@ymail.com\">francisco.csilva@ymail.com<\/a><\/strong><\/p>\n<\/td>\n<td style=\"width: 15.0685%; height: 140px;\" width=\"113\">\n<p><strong><a href=\"https:\/\/crarn.org.br\/wp-content\/uploads\/2025\/02\/Curriculo-Francisco-Silva_Atualizado-2025.pdf\">Clique aqui<\/a><\/strong><\/p>\n<\/td>\n<td style=\"width: 17.7984%; height: 140px;\" width=\"203\">\n<p><strong>Comercial; empresas que prestam servi\u00e7os para \u00f3rg\u00e3os p\u00fablicos<\/strong><\/p>\n<\/td>\n<\/tr>\n<tr style=\"height: 116px;\">\n<td style=\"width: 18.7671%; height: 116px;\" width=\"245\">\n<p><strong>Francisco Williams Alves de Oliveira<\/strong><\/p>\n<\/td>\n<td style=\"width: 11.2494%; height: 116px;\" width=\"132\">\n<p><strong>(84) 981443131<\/strong><\/p>\n<\/td>\n<td style=\"width: 35.5999%; height: 116px;\" width=\"227\">\n<p><strong><a href=\"mailto:admwilliams2015@gmail.com\">admwilliams2015@gmail.com<\/a><\/strong><\/p>\n<\/td>\n<td style=\"width: 15.0685%; height: 116px;\" width=\"113\">\n<p><strong><a href=\"https:\/\/crarn.org.br\/wp-content\/uploads\/2025\/02\/Francisco-Williams-Alves-de-Oliveira.pdf\">Clique aqui<\/a><\/strong><\/p>\n<\/td>\n<td style=\"width: 17.7984%; height: 116px;\" width=\"203\">\n<p><strong>Financeira, Recursos Humanos e Log\u00edstica.<\/strong><\/p>\n<\/td>\n<\/tr>\n<tr style=\"height: 212px;\">\n<td style=\"width: 18.7671%; height: 212px;\" width=\"245\">\n<p><strong>Jean Pierry de Medeiros Lopes\u00a0<\/strong><\/p>\n<\/td>\n<td style=\"width: 11.2494%; height: 212px;\" width=\"132\">\n<p><strong>(84) 99818-1762<\/strong><\/p>\n<\/td>\n<td style=\"width: 35.5999%; height: 212px;\" width=\"227\">\n<p><strong>\u00a0<a href=\"mailto:jeanpierrylopes@hotmail.com\">jeanpierrylopes@hotmail.com<\/a><\/strong><\/p>\n<\/td>\n<td style=\"width: 15.0685%; height: 212px;\" width=\"113\">\n<p><strong><a href=\"https:\/\/crarn.org.br\/wp-content\/uploads\/2025\/02\/Jean-Pierry-de-Medeiros-Lopes.pdf\">Clique aqui<\/a><\/strong><\/p>\n<\/td>\n<td style=\"width: 17.7984%; height: 212px;\" width=\"203\">\n<p><strong>An\u00e1lise de Dados; Compras e Suprimentos; Transporte e Log\u00edstica; Manuten\u00e7\u00e3o Predial e Equipamentos&#8230;<\/strong><\/p>\n<\/td>\n<\/tr>\n<tr style=\"height: 212px;\">\n<td style=\"width: 18.7671%; height: 212px;\" width=\"245\">\n<p><strong>Jo\u00e3o Maria de Melo In\u00e1cio<\/strong><\/p>\n<\/td>\n<td style=\"width: 11.2494%; height: 212px;\" width=\"132\">\n<p><strong>(84) 99680-6677<\/strong><\/p>\n<\/td>\n<td style=\"width: 35.5999%; height: 212px;\" width=\"227\">\n<p><strong>\u00a0<a href=\"mailto:jm.melo@yahoo.com.br\">jm.melo@yahoo.com.br<\/a><\/strong><\/p>\n<\/td>\n<td style=\"width: 15.0685%; height: 212px;\" width=\"113\">\n<p><strong><a href=\"https:\/\/crarn.org.br\/wp-content\/uploads\/2025\/02\/Joao-Maria-de-Melo-Inacio.pdf\">Clique aqui<\/a><\/strong><\/p>\n<\/td>\n<td style=\"width: 17.7984%; height: 212px;\" width=\"203\">\n<p><strong>Consultoria e Assessoria em Licita\u00e7\u00f5es P\u00fablicas e Contratos Administrativos; Cursos e treinamentos.<\/strong><\/p>\n<\/td>\n<\/tr>\n<tr style=\"height: 92px;\">\n<td style=\"width: 18.7671%; height: 92px;\" width=\"245\">\n<p><strong>Micheline Santos\u00a0<\/strong><\/p>\n<\/td>\n<td style=\"width: 11.2494%; height: 92px;\" width=\"132\">\n<p><strong>(84) 99169-3018<\/strong><\/p>\n<\/td>\n<td style=\"width: 35.5999%; height: 92px;\" width=\"227\">\n<p><strong><a href=\"mailto:michelineemanuele3@hotmail.com\">michelineemanuele3@hotmail.com<\/a><\/strong><\/p>\n<\/td>\n<td style=\"width: 15.0685%; height: 92px;\" width=\"113\">\n<p><strong><a href=\"https:\/\/crarn.org.br\/wp-content\/uploads\/2025\/02\/Micheline-Santos-1.pdf\">Clique aqui<\/a><\/strong><\/p>\n<\/td>\n<td style=\"width: 17.7984%; height: 92px;\" width=\"203\">\n<p><strong>RH, Licita\u00e7\u00e3o e Faturamento<\/strong><\/p>\n<\/td>\n<\/tr>\n<tr style=\"height: 170px;\">\n<td style=\"width: 18.7671%; height: 170px;\" width=\"245\">\n<p><strong>Diego de Lima Dantas\u00a0 \u00a0<\/strong><\/p>\n<\/td>\n<td style=\"width: 11.2494%; height: 170px;\" width=\"132\">\n<p><strong>(84) 9-9917-2538\u00a0<\/strong><\/p>\n<\/td>\n<td style=\"width: 35.5999%; height: 170px;\" width=\"227\">\n<p><strong>\u00a0<u><span style=\"color: #0000ff;\"><a href=\"mailto:adm.diegodelimadantas@gmail.com\" target=\"_blank\" rel=\"noopener\">adm.diegodelimadantas@gmail.<wbr \/>com<\/a><\/span><\/u><\/strong><\/p>\n<\/td>\n<td style=\"width: 15.0685%; height: 170px;\" width=\"113\">\n<p><strong><a href=\"https:\/\/crarn.org.br\/wp-content\/uploads\/2025\/03\/Curriculo-Diego-Dantas-Resumido.pdf\">Clique aqui<\/a><\/strong><\/p>\n<\/td>\n<td style=\"width: 17.7984%; height: 170px;\" width=\"203\">\n<p><strong>Consultoria em Gest\u00e3o Empresarial, Treinamento e Desenvolvimento,\u00a0 Assessoria Administrativa a \u00f3rg\u00e3os p\u00fablicos, Gest\u00e3o de Pessoas e Comercial.<\/strong><\/p>\n<\/td>\n<\/tr>\n<tr style=\"height: 124px;\">\n<td style=\"width: 18.7671%; height: 124px;\" width=\"245\">\n<p><strong>Margareth Aquino<\/strong><\/p>\n<\/td>\n<td style=\"width: 11.2494%; height: 124px;\" width=\"132\">\n<p><strong>84 996068684<\/strong><\/p>\n<\/td>\n<td style=\"width: 35.5999%; height: 124px;\" width=\"227\">\n<p><strong>margotaquino514@gmail.com<\/strong><\/p>\n<\/td>\n<td style=\"width: 15.0685%; height: 124px;\" width=\"113\">\n<p><strong><a href=\"https:\/\/crarn.org.br\/wp-content\/uploads\/2025\/04\/Curriculo-Margareth-2024-INTEGRALpptx.pptx\">Clique aqui<\/a><\/strong><\/p>\n<\/td>\n<td style=\"width: 17.7984%; height: 124px;\" width=\"203\">\n<p><strong>Gest\u00e3o de Pessoas, \u00e1reas Administrativa, Financeira e\u00a0 de Inova\u00e7\u00e3o; Analise de Perfil Comportamental.<\/strong><\/p>\n<\/td>\n<\/tr>\n<tr style=\"height: 44px;\">\n<td style=\"width: 18.7671%; height: 44px;\" width=\"245\">\n<p><strong> \u00a0Jos\u00e9 Alysson Souza Ara\u00fajo\u00a0 \u00a0 \u00a0 \u00a0 \u00a0 \u00a0 \u00a0 \u00a0 \u00a0 \u00a0 \u00a0\u00a0<\/strong><\/p>\n<\/td>\n<td style=\"width: 11.2494%; height: 44px;\" width=\"132\">\n<p><strong> 84 99921-1219\u00a0 \u00a0 \u00a0 \u00a0<\/strong><\/p>\n<\/td>\n<td style=\"width: 35.5999%; height: 44px;\" width=\"227\"><strong>alyssonsouza.adm@gmail.com<\/strong><\/td>\n<td style=\"width: 15.0685%; height: 44px;\" width=\"113\">\n<p><strong><a href=\"https:\/\/crarn.org.br\/wp-content\/uploads\/2025\/05\/Curriculo-Jose-Alysson-Souza-Araujo.pdf\">Clique aqui<\/a><\/strong><\/p>\n<\/td>\n<td style=\"width: 17.7984%; height: 44px;\" width=\"203\">\n<p><strong>RH, Gest\u00e3o de Pessoas e outros<\/strong><\/p>\n<\/td>\n<\/tr>\n<tr style=\"height: 44px;\">\n<td style=\"width: 18.7671%; height: 44px;\" width=\"245\">\n<p><strong> Robson da Silva Teixeira<\/strong><\/p>\n<\/td>\n<td style=\"width: 11.2494%; height: 44px;\" width=\"132\">\n<p><strong>84\u00a0 99127-4169<\/strong><\/p>\n<\/td>\n<td style=\"width: 35.5999%; height: 44px;\" width=\"227\">\n<p><strong>robson.teixeirast@hotmail<\/strong><\/p>\n<\/td>\n<td style=\"width: 15.0685%; height: 44px;\" width=\"113\">\n<p><strong><a href=\"https:\/\/crarn.org.br\/wp-content\/uploads\/2025\/05\/Curriculo-ROBSON-DA-SILVA-TEIXEIRA-1.pdf\">Clique aqui<\/a><\/strong><\/p>\n<\/td>\n<td style=\"width: 17.7984%; height: 44px;\" width=\"203\">\n<p><strong>Gest\u00e3o de Conflitos; Relacionamento Interpessoal; Contabilidade; <\/strong><br \/><strong>Finan\u00e7as; An\u00e1lise de Custos; Administra\u00e7\u00e3o; Empreendedorismo e Inova\u00e7\u00e3o; Planejamento <\/strong><br \/><strong>Estrat\u00e9gico; Gest\u00e3o de Processos; Gest\u00e3o de Projetos; ferramentas de Gest\u00e3o; Gest\u00e3o Comercial; <\/strong><br \/><strong>Planejamento de vendas, m\u00e9tricas e KPI\u2019s de Vendas; Almoxarife e Estoque<\/strong><\/p>\n<\/td>\n<\/tr>\n<tr style=\"height: 44px;\">\n<td style=\"width: 18.7671%; height: 44px;\" width=\"245\"><strong>Daniel de Ara\u00fajo Oliveira\u00a0<\/strong><\/td>\n<td style=\"width: 11.2494%; height: 44px;\" width=\"132\">\n<div>\n<div><strong>\u00a0(84) 99955-6825\u00a0 \u00a0 \u00a0 \u00a0<\/strong><\/div>\n<\/div>\n<div>\u00a0<\/div>\n<\/td>\n<td style=\"width: 35.5999%; height: 44px;\" width=\"227\"><strong><a href=\"mailto:daniel.oliveira.adm@outlook.com\" target=\"_blank\" rel=\"noopener\">daniel.oliveira.adm@outlook.<wbr \/>com<\/a><\/strong><\/td>\n<td style=\"width: 15.0685%; height: 44px;\" width=\"113\"><strong><a href=\"https:\/\/crarn.org.br\/wp-content\/uploads\/2025\/06\/DANIEL-DE-ARAUJO-OLIVEIRA.pdf\">Clique aqui<\/a><\/strong><\/td>\n<td style=\"width: 17.7984%; height: 44px;\" width=\"203\"><strong>\u00a0Marketing; Recursos Humanos; Gest\u00e3o Comercial; Presta\u00e7\u00e3o de Servi\u00e7os e IA &#8211; Intelig\u00eancia Artificial.<\/strong><\/td>\n<\/tr>\n<tr style=\"height: 44px;\">\n<td style=\"width: 18.7671%; height: 44px;\" width=\"245\"><strong>Luiz Carlos de Oliveira\u00a0 \u00a0 \u00a0 \u00a0 \u00a0 \u00a0 \u00a0 \u00a0 \u00a0 \u00a0 \u00a0 \u00a0 \u00a0 \u00a0 \u00a0 \u00a0 \u00a0\u00a0<\/strong><\/td>\n<td style=\"width: 11.2494%; height: 44px;\" width=\"132\">\n<p><strong> (84) 9 9833-7616\u00a0 \u00a0 \u00a0<\/strong><\/p>\n<\/td>\n<td style=\"width: 35.5999%; height: 44px;\" width=\"227\">\n<p><strong>\u00a0<a href=\"mailto:lco_oliv@hotmail.com\" target=\"_blank\" rel=\"noopener\">lco_oliv@hotmail.com<\/a><\/strong><\/p>\n<\/td>\n<td style=\"width: 15.0685%; height: 44px;\" width=\"113\">\n<p><strong>\u00a0<a href=\"https:\/\/crarn.org.br\/wp-content\/uploads\/2025\/06\/CV-Luiz-Carlos-de-Oliveira-160625-1.pdf\">Clique aqui<\/a><\/strong><\/p>\n<\/td>\n<td style=\"width: 17.7984%; height: 44px;\" width=\"203\">\n<p><strong> Gest\u00e3o de Pessoas, Comercial, Administrativa, Treinamento e Desenvolvimento.<\/strong><\/p>\n<\/td>\n<\/tr>\n<tr style=\"height: 44px;\">\n<td style=\"width: 18.7671%; height: 44px;\" width=\"245\">\n<p><strong> Raquel Barreto dos Santos Fernandes\u00a0 \u00a0 \u00a0 \u00a0 \u00a0 \u00a0\u00a0<\/strong><\/p>\n<\/td>\n<td style=\"width: 11.2494%; height: 44px;\" width=\"132\">\n<p><strong> (84) 99678-9327\u00a0 \u00a0<\/strong><\/p>\n<\/td>\n<td style=\"width: 35.5999%; height: 44px;\" width=\"227\">\n<p><strong> <a href=\"mailto:rakelbarretto@gmail.com\" target=\"_blank\" rel=\"noopener\">rakelbarretto@gmail.com<\/a><\/strong><\/p>\n<\/td>\n<td style=\"width: 15.0685%; height: 44px;\" width=\"113\">\n<p><strong>\u00a0<a href=\"https:\/\/crarn.org.br\/wp-content\/uploads\/2025\/06\/CV-RAQUEL-BARRETO.pdf\">Clique aqui<\/a><\/strong><\/p>\n<\/td>\n<td style=\"width: 17.7984%; height: 44px;\" width=\"203\">\n<p><strong>\u00a0Consultoria em Gest\u00e3o Empresarial; Treinamento e Desenvolvimento; Assessoria Administrativa; Gest\u00e3o de Pessoas; Auditorias do Sistema de Gest\u00e3o de Qualidade, Seguran\u00e7a, Sa\u00fade, Meio Ambiente e Seguran\u00e7a de Alimentos.<\/strong><\/p>\n<\/td>\n<\/tr>\n<tr style=\"height: 44px;\">\n<td style=\"width: 18.7671%; height: 44px;\" width=\"245\">\n<p><strong> Marcelo Carvalho Santos\u00a0<\/strong><\/p>\n<\/td>\n<td style=\"width: 11.2494%; height: 44px;\" width=\"132\">\n<p><strong> (84) 987091678<\/strong><\/p>\n<\/td>\n<td style=\"width: 35.5999%; height: 44px;\" width=\"227\">\n<p><strong> \u00a0<a href=\"mailto:rakelbarretto@gmail.com\" target=\"_blank\" rel=\"noopener\">\u00a0marcellocarvalho083@gmail.com<\/a><\/strong><\/p>\n<\/td>\n<td style=\"width: 15.0685%; height: 44px;\" width=\"113\">\n<p><strong>\u00a0<a href=\"https:\/\/crarn.org.br\/wp-content\/uploads\/2025\/07\/MARCELO-CARVALHO-SANTOS-Curriculo.pdf\">Clique aqui<\/a><\/strong><\/p>\n<\/td>\n<td style=\"width: 17.7984%; height: 44px;\" width=\"203\">\n<p><strong>\u00a0Recursos Humanos, Servi\u00e7os de Sa\u00fade, Educa\u00e7\u00e3o e Log\u00edstica<\/strong><\/p>\n<\/td>\n<\/tr>\n<tr style=\"height: 44px;\">\n<td style=\"width: 18.7671%; height: 44px;\" width=\"245\">\n<p><strong> Higor Rebou\u00e7as Lopo<\/strong><\/p>\n<\/td>\n<td style=\"width: 11.2494%; height: 44px;\" width=\"132\">\n<p><strong> (84) 9106-6490<\/strong><\/p>\n<\/td>\n<td style=\"width: 35.5999%; height: 44px;\" width=\"227\">\n<p><strong> <a href=\"mailto:higor.lopo@hotmail.com\" target=\"_blank\" rel=\"noopener\">higor.lopo@hotmail.com<\/a><\/strong><\/p>\n<\/td>\n<td style=\"width: 15.0685%; height: 44px;\" width=\"113\">\n<p><strong>\u00a0<a href=\"https:\/\/crarn.org.br\/wp-content\/uploads\/2025\/09\/Curriculo-Higor-Reboucas-geral.pdf\">Clique aqui<\/a><\/strong><\/p>\n<\/td>\n<td style=\"width: 17.7984%; height: 44px;\" width=\"203\">\n<p><strong>Gest\u00e3o de Pessoas, Consultoria em Gest\u00e3o Organizacional, SGI \u2013 Sistema de Gest\u00e3o Integrada, \u00c1rea Condominial, Cursos e Treinamentos, Gest\u00e3o em Neg\u00f3cios Gastron\u00f4micos, Planejamento Estrat\u00e9gico, Marketing e Vendas.<\/strong><\/p>\n<\/td>\n<\/tr>\n<tr style=\"height: 44px;\">\n<td style=\"width: 18.7671%; height: 44px;\" width=\"245\">\n<p><strong>Heriberto Bezerra Chaves<\/strong><\/p>\n<\/td>\n<td style=\"width: 11.2494%; height: 44px;\" width=\"132\">\n<p><strong> ( 84 ) 98827.4791\u00a0<\/strong><\/p>\n<\/td>\n<td style=\"width: 35.5999%; height: 44px;\" width=\"227\">\n<p><strong><a href=\"mailto:heribertofanec@gmail.com\"> heribertofanec@gmail.com<\/a>\u00a0<\/strong><\/p>\n<\/td>\n<td style=\"width: 15.0685%; height: 44px;\" width=\"113\">\n<p><strong>\u00a0<a href=\"https:\/\/crarn.org.br\/wp-content\/uploads\/2025\/12\/Heriberto-Bezerra-Chaves-CURRICULUM-RT.pdf\">Clique aqui<\/a><\/strong><\/p>\n<\/td>\n<td style=\"width: 17.7984%; height: 44px;\" width=\"203\">\n<p><strong> Financeira, Recursos Humanos, comercial, log\u00edstica, Licita\u00e7\u00e3o P\u00fablica, Controle, Treinamento e Desenvolvimento, Gest\u00e3o de Pessoas.<\/strong><\/p>\n<\/td>\n<\/tr>\n<tr style=\"height: 44px;\">\n<td style=\"width: 18.7671%; height: 44px;\" width=\"245\">\n<p><strong> <strong class=\"gmail_sendername\" dir=\"auto\">Thulio Lucena Araujo<\/strong><\/strong><\/p>\n<\/td>\n<td style=\"width: 11.2494%; height: 44px;\" width=\"132\">\n<p><strong>\u00a0(84)98828-1217<\/strong><\/p>\n<\/td>\n<td style=\"width: 35.5999%; height: 44px;\" width=\"227\">\n<p><strong>\u00a0<a href=\"mailto:adm.thulio@gmail.com\">adm.thulio@gmail.com<\/a><\/strong><\/p>\n<\/td>\n<td style=\"width: 15.0685%; height: 44px;\" width=\"113\">\n<p><strong>\u00a0<a href=\"https:\/\/crarn.org.br\/wp-content\/uploads\/2025\/12\/CV-ADM-THULIO-20ago2023-resumido.pdf\">Clique aqui<\/a><\/strong><\/p>\n<\/td>\n<td style=\"width: 17.7984%; height: 44px;\" width=\"203\">\n<p><strong>Gest\u00e3o de Pessoas; Gest\u00e3o de Materiais e Gest\u00e3o Condominial.<\/strong><\/p>\n<\/td>\n<\/tr>\n<tr>\n<td style=\"width: 18.7671%;\">\n<p><strong><strong class=\"gmail_sendername\" dir=\"auto\">Josineide Paulino Feitosa de Oliveira<\/strong><\/strong><\/p>\n<\/td>\n<td style=\"width: 11.2494%;\">\n<p><strong>(84) 98847.1460<\/strong><\/p>\n<\/td>\n<td style=\"width: 35.5999%;\">\n<p><strong>\u00a0<a href=\"mailto:josineide.paulino@gmail.com\" target=\"_blank\" rel=\"noopener\">josineide.paulino@gmail.com<\/a><\/strong><\/p>\n<\/td>\n<td style=\"width: 15.0685%;\">\n<p><a href=\"https:\/\/crarn.org.br\/wp-content\/uploads\/2026\/04\/Curri\u0301culo-Josineide-Oliveira-.pdf\"><strong>Clique aqui<\/strong><\/a><\/p>\n<\/td>\n<td style=\"width: 17.7984%;\">\n<p><strong>Gest\u00e3o de pessoas, RH, gest\u00e3o administrativa, gest\u00e3o de documenta\u00e7\u00e3o de certifica\u00e7\u00f5es, lideran\u00e7a, gest\u00e3o de conflitos.<\/strong><\/p>\n<\/td>\n<\/tr>\n<tr>\n<td style=\"width: 18.7671%;\">\n<p><strong><strong class=\"gmail_sendername\" dir=\"auto\">Erika Vanessa da Silva Medeiros<\/strong><\/strong><\/p>\n<\/td>\n<td style=\"width: 11.2494%;\">\n<p><strong>(84) 98716-4653<\/strong><\/p>\n<\/td>\n<td style=\"width: 35.5999%;\">\n<p><strong><a href=\"mailto:erikavanessadm@gmail.com\" target=\"_blank\" rel=\"noopener\">erikavanessadm@gmail.com<\/a>\u00a0<\/strong><\/p>\n<\/td>\n<td style=\"width: 15.0685%;\">\n<p><a href=\"https:\/\/crarn.org.br\/wp-content\/uploads\/2026\/04\/Curriculo-Erika-Vanessa-da-Silva-Medeiros.pdf\"><strong>Clique aqui<\/strong><\/a><\/p>\n<\/td>\n<td style=\"width: 17.7984%;\">\n<p><strong>Gest\u00e3o de Processos, \u00c1rea Administrativa e Gest\u00e3o de Pessoas.<\/strong><\/p>\n<\/td>\n<\/tr>\n<\/tbody>\n<\/table>\n\t\t\t\t\t\t\t\t<\/div>\n\t\t\t\t<\/div>\n\t\t\t\t\t<\/div>\n\t\t<\/div>\n\t\t\t\t\t<\/div>\n\t\t<\/section>\n\t\t\t\t<section class=\"elementor-section elementor-top-section elementor-element elementor-element-d81ba6c elementor-section-boxed elementor-section-height-default elementor-section-height-default\" data-id=\"d81ba6c\" data-element_type=\"section\" data-e-type=\"section\">\n\t\t\t\t\t\t<div class=\"elementor-container elementor-column-gap-default\">\n\t\t\t\t\t<div class=\"elementor-column elementor-col-100 elementor-top-column elementor-element elementor-element-7db686c\" data-id=\"7db686c\" data-element_type=\"column\" data-e-type=\"column\">\n\t\t\t<div class=\"elementor-widget-wrap elementor-element-populated\">\n\t\t\t\t\t\t<div class=\"elementor-element elementor-element-787d70d elementor-widget elementor-widget-text-editor\" data-id=\"787d70d\" data-element_type=\"widget\" data-e-type=\"widget\" data-widget_type=\"text-editor.default\">\n\t\t\t\t<div class=\"elementor-widget-container\">\n\t\t\t\t\t\t\t\t\t<p>Lorem ipsum dolor sit amet, consectetur adipiscing elit. Ut elit tellus, luctus nec ullamcorper mattis, pulvinar dapibus leo.<\/p>\t\t\t\t\t\t\t\t<\/div>\n\t\t\t\t<\/div>\n\t\t\t\t\t<\/div>\n\t\t<\/div>\n\t\t\t\t\t<\/div>\n\t\t<\/section>\n\t\t\t\t<\/div>\n\t\t","protected":false},"excerpt":{"rendered":"<p>CADASTRO DE PROFISSIONAIS DE ADMINISTRA\u00c7\u00c3O APTOS A EXERCEREM ATIVIDADE DE RESPONS\u00c1VEIS T\u00c9CNICOS \u00a0 \u00a0 PROFISSIONAL CELULAR E-MAIL CURR\u00cdCULO \u00c1REA DE INTERESSE Francisco Silva (84) 99636-5021 \u00a0francisco.csilva@ymail.com Clique aqui Comercial; empresas que prestam servi\u00e7os para \u00f3rg\u00e3os p\u00fablicos Francisco Williams Alves de Oliveira (84) 981443131 admwilliams2015@gmail.com Clique aqui Financeira, Recursos Humanos e Log\u00edstica. Jean Pierry de Medeiros<a class=\"read-more\" href=\"https:\/\/crarn.org.br\/?page_id=67483\"> [&hellip;]<\/a><\/p>\n","protected":false},"author":26,"featured_media":0,"parent":54876,"menu_order":0,"comment_status":"closed","ping_status":"closed","template":"","meta":{"_price":"","_stock":"","_tribe_ticket_header":"","_tribe_default_ticket_provider":"","_tribe_ticket_capacity":"0","_ticket_start_date":"","_ticket_end_date":"","_tribe_ticket_show_description":"","_tribe_ticket_show_not_going":false,"_tribe_ticket_use_global_stock":"","_tribe_ticket_global_stock_level":"","_global_stock_mode":"","_global_stock_cap":"","_tribe_rsvp_for_event":"","_tribe_ticket_going_count":"","_tribe_ticket_not_going_count":"","_tribe_tickets_list":"[]","_tribe_ticket_has_attendee_info_fields":false,"footnotes":"","_tec_slr_enabled":"","_tec_slr_layout":"","_links_to":"","_links_to_target":""},"class_list":["post-67483","page","type-page","status-publish","hentry","entry"],"ticketed":false,"_links":{"self":[{"href":"https:\/\/crarn.org.br\/index.php?rest_route=\/wp\/v2\/pages\/67483","targetHints":{"allow":["GET"]}}],"collection":[{"href":"https:\/\/crarn.org.br\/index.php?rest_route=\/wp\/v2\/pages"}],"about":[{"href":"https:\/\/crarn.org.br\/index.php?rest_route=\/wp\/v2\/types\/page"}],"author":[{"embeddable":true,"href":"https:\/\/crarn.org.br\/index.php?rest_route=\/wp\/v2\/users\/26"}],"replies":[{"embeddable":true,"href":"https:\/\/crarn.org.br\/index.php?rest_route=%2Fwp%2Fv2%2Fcomments&post=67483"}],"version-history":[{"count":61,"href":"https:\/\/crarn.org.br\/index.php?rest_route=\/wp\/v2\/pages\/67483\/revisions"}],"predecessor-version":[{"id":68580,"href":"https:\/\/crarn.org.br\/index.php?rest_route=\/wp\/v2\/pages\/67483\/revisions\/68580"}],"up":[{"embeddable":true,"href":"https:\/\/crarn.org.br\/index.php?rest_route=\/wp\/v2\/pages\/54876"}],"wp:attachment":[{"href":"https:\/\/crarn.org.br\/index.php?rest_route=%2Fwp%2Fv2%2Fmedia&parent=67483"}],"curies":[{"name":"wp","href":"https:\/\/api.w.org\/{rel}","templated":true}]}}