{"id":62790,"date":"2020-10-23T06:49:37","date_gmt":"2020-10-23T09:49:37","guid":{"rendered":"https:\/\/crarn.org.br\/?page_id=62790"},"modified":"2025-05-21T13:57:01","modified_gmt":"2025-05-21T16:57:01","slug":"legislacao","status":"publish","type":"page","link":"https:\/\/crarn.org.br\/?page_id=62790","title":{"rendered":"Legisla\u00e7\u00e3o"},"content":{"rendered":"\t\t<div data-elementor-type=\"wp-page\" data-elementor-id=\"62790\" class=\"elementor elementor-62790\">\n\t\t\t\t\t\t<section class=\"elementor-section elementor-top-section elementor-element elementor-element-be700ee elementor-section-content-middle elementor-section-boxed elementor-section-height-default elementor-section-height-default\" data-id=\"be700ee\" data-element_type=\"section\" data-e-type=\"section\">\n\t\t\t\t\t\t<div class=\"elementor-container elementor-column-gap-no\">\n\t\t\t\t\t<div class=\"elementor-column elementor-col-100 elementor-top-column elementor-element elementor-element-1c0b45a3\" data-id=\"1c0b45a3\" data-element_type=\"column\" data-e-type=\"column\">\n\t\t\t<div class=\"elementor-widget-wrap elementor-element-populated\">\n\t\t\t\t\t\t<div class=\"elementor-element elementor-element-569b024a elementor-widget elementor-widget-heading\" data-id=\"569b024a\" data-element_type=\"widget\" data-e-type=\"widget\" data-widget_type=\"heading.default\">\n\t\t\t\t<div class=\"elementor-widget-container\">\n\t\t\t\t\t<h4 class=\"elementor-heading-title elementor-size-default\">LEGISLA\u00c7\u00c3O CFA\/CRAs<\/h4>\t\t\t\t<\/div>\n\t\t\t\t<\/div>\n\t\t\t\t<div class=\"elementor-element elementor-element-4f6862d1 elementor-widget elementor-widget-text-editor\" data-id=\"4f6862d1\" data-element_type=\"widget\" data-e-type=\"widget\" data-widget_type=\"text-editor.default\">\n\t\t\t\t<div class=\"elementor-widget-container\">\n\t\t\t\t\t\t\t\t\t<p>Acesse a \u00e1rea de documentos e legisla\u00e7\u00e3o do Sistema CFA\/CRAs pelas \u00e1reas de interesse abaixo.<\/p>\t\t\t\t\t\t\t\t<\/div>\n\t\t\t\t<\/div>\n\t\t\t\t<section class=\"elementor-section elementor-inner-section elementor-element elementor-element-582bf226 elementor-section-content-middle elementor-section-boxed elementor-section-height-default elementor-section-height-default\" data-id=\"582bf226\" data-element_type=\"section\" data-e-type=\"section\">\n\t\t\t\t\t\t<div class=\"elementor-container elementor-column-gap-no\">\n\t\t\t\t\t<div class=\"elementor-column elementor-col-33 elementor-inner-column elementor-element elementor-element-7bf13a0a\" data-id=\"7bf13a0a\" data-element_type=\"column\" data-e-type=\"column\">\n\t\t\t<div class=\"elementor-widget-wrap elementor-element-populated\">\n\t\t\t\t\t\t<div class=\"elementor-element elementor-element-602e94e elementor-widget elementor-widget-heading\" data-id=\"602e94e\" data-element_type=\"widget\" data-e-type=\"widget\" data-widget_type=\"heading.default\">\n\t\t\t\t<div class=\"elementor-widget-container\">\n\t\t\t\t\t<h3 class=\"elementor-heading-title elementor-size-default\"><a href=\"https:\/\/documentos.cfa.org.br\/?c=documento&#038;a=index&#038;current_page=1&#038;numero=&#038;ano=&#038;ementa=&#038;tipo_documento_id=1\">Leis<\/a><\/h3>\t\t\t\t<\/div>\n\t\t\t\t<\/div>\n\t\t\t\t<div class=\"elementor-element elementor-element-5119e504 elementor-widget elementor-widget-text-editor\" data-id=\"5119e504\" data-element_type=\"widget\" data-e-type=\"widget\" data-widget_type=\"text-editor.default\">\n\t\t\t\t<div class=\"elementor-widget-container\">\n\t\t\t\t\t\t\t\t\t<p><a href=\"https:\/\/documentos.cfa.org.br\/?c=documento&amp;a=index&amp;current_page=1&amp;numero=&amp;ano=&amp;ementa=&amp;tipo_documento_id=1\">Leis que disp\u00f5em sobre o exerc\u00edcio da profiss\u00e3o, o registro de empresas, entre outras informa\u00e7\u00f5es da profiss\u00e3o.<\/a><\/p>\t\t\t\t\t\t\t\t<\/div>\n\t\t\t\t<\/div>\n\t\t\t\t\t<\/div>\n\t\t<\/div>\n\t\t\t\t<div class=\"elementor-column elementor-col-33 elementor-inner-column elementor-element elementor-element-229f76bc\" data-id=\"229f76bc\" data-element_type=\"column\" data-e-type=\"column\">\n\t\t\t<div class=\"elementor-widget-wrap elementor-element-populated\">\n\t\t\t\t\t\t<div class=\"elementor-element elementor-element-4f893c12 elementor-widget elementor-widget-heading\" data-id=\"4f893c12\" data-element_type=\"widget\" data-e-type=\"widget\" data-widget_type=\"heading.default\">\n\t\t\t\t<div class=\"elementor-widget-container\">\n\t\t\t\t\t<h3 class=\"elementor-heading-title elementor-size-default\"><a href=\"https:\/\/documentos.cfa.org.br\/?c=documento&#038;a=index&#038;current_page=1&#038;numero=&#038;ano=&#038;ementa=&#038;tipo_documento_id=2\">Decretos<\/a><\/h3>\t\t\t\t<\/div>\n\t\t\t\t<\/div>\n\t\t\t\t<div class=\"elementor-element elementor-element-5a946cc4 elementor-widget elementor-widget-text-editor\" data-id=\"5a946cc4\" data-element_type=\"widget\" data-e-type=\"widget\" data-widget_type=\"text-editor.default\">\n\t\t\t\t<div class=\"elementor-widget-container\">\n\t\t\t\t\t\t\t\t\t<p><a href=\"https:\/\/documentos.cfa.org.br\/?c=documento&amp;a=index&amp;current_page=1&amp;numero=&amp;ano=&amp;ementa=&amp;tipo_documento_id=2\">Decretos referente \u00e0 profiss\u00e3o de Administrador.<\/a><\/p>\t\t\t\t\t\t\t\t<\/div>\n\t\t\t\t<\/div>\n\t\t\t\t\t<\/div>\n\t\t<\/div>\n\t\t\t\t<div class=\"elementor-column elementor-col-33 elementor-inner-column elementor-element elementor-element-7c3c2206\" data-id=\"7c3c2206\" data-element_type=\"column\" data-e-type=\"column\">\n\t\t\t<div class=\"elementor-widget-wrap elementor-element-populated\">\n\t\t\t\t\t\t<div class=\"elementor-element elementor-element-97244e5 elementor-widget elementor-widget-heading\" data-id=\"97244e5\" data-element_type=\"widget\" data-e-type=\"widget\" data-widget_type=\"heading.default\">\n\t\t\t\t<div class=\"elementor-widget-container\">\n\t\t\t\t\t<h3 class=\"elementor-heading-title elementor-size-default\"><a href=\"https:\/\/documentos.cfa.org.br\/?c=documento&#038;a=index&#038;current_page=1&#038;numero=&#038;ano=&#038;ementa=&#038;tipo_documento_id=3\">Delibera\u00e7\u00f5es<\/a><\/h3>\t\t\t\t<\/div>\n\t\t\t\t<\/div>\n\t\t\t\t<div class=\"elementor-element elementor-element-2a6cb897 elementor-widget elementor-widget-text-editor\" data-id=\"2a6cb897\" data-element_type=\"widget\" data-e-type=\"widget\" data-widget_type=\"text-editor.default\">\n\t\t\t\t<div class=\"elementor-widget-container\">\n\t\t\t\t\t\t\t\t\t<p><a href=\"https:\/\/documentos.cfa.org.br\/?c=documento&amp;a=index&amp;current_page=1&amp;numero=&amp;ano=&amp;ementa=&amp;tipo_documento_id=3\">Determina\u00e7\u00f5es e decis\u00f5es que dizem respeito ao exerc\u00edcio da profiss\u00e3o de Administrador.<\/a><\/p>\t\t\t\t\t\t\t\t<\/div>\n\t\t\t\t<\/div>\n\t\t\t\t\t<\/div>\n\t\t<\/div>\n\t\t\t\t\t<\/div>\n\t\t<\/section>\n\t\t\t\t<section class=\"elementor-section elementor-inner-section elementor-element elementor-element-5a1fc29 elementor-section-content-middle elementor-section-boxed elementor-section-height-default elementor-section-height-default\" data-id=\"5a1fc29\" data-element_type=\"section\" data-e-type=\"section\">\n\t\t\t\t\t\t<div class=\"elementor-container elementor-column-gap-no\">\n\t\t\t\t\t<div class=\"elementor-column elementor-col-33 elementor-inner-column elementor-element elementor-element-c0e0c43\" data-id=\"c0e0c43\" data-element_type=\"column\" data-e-type=\"column\">\n\t\t\t<div class=\"elementor-widget-wrap elementor-element-populated\">\n\t\t\t\t\t\t<div class=\"elementor-element elementor-element-2a04d16 elementor-widget elementor-widget-heading\" data-id=\"2a04d16\" data-element_type=\"widget\" data-e-type=\"widget\" data-widget_type=\"heading.default\">\n\t\t\t\t<div class=\"elementor-widget-container\">\n\t\t\t\t\t<h3 class=\"elementor-heading-title elementor-size-default\"><a href=\"https:\/\/documentos.cfa.org.br\/?c=documento&#038;a=index&#038;current_page=1&#038;numero=&#038;ano=&#038;ementa=&#038;tipo_documento_id=4\">Ac\u00f3rd\u00e3os<\/a><\/h3>\t\t\t\t<\/div>\n\t\t\t\t<\/div>\n\t\t\t\t<div class=\"elementor-element elementor-element-917166f elementor-widget elementor-widget-text-editor\" data-id=\"917166f\" data-element_type=\"widget\" data-e-type=\"widget\" data-widget_type=\"text-editor.default\">\n\t\t\t\t<div class=\"elementor-widget-container\">\n\t\t\t\t\t\t\t\t\t<p><a href=\"https:\/\/documentos.cfa.org.br\/?c=documento&amp;a=index&amp;current_page=1&amp;numero=&amp;ano=&amp;ementa=&amp;tipo_documento_id=4\">Decis\u00f5es proferidas pelo Plen\u00e1rio do CFA em colabora\u00e7\u00e3o colegiada.<\/a><\/p>\t\t\t\t\t\t\t\t<\/div>\n\t\t\t\t<\/div>\n\t\t\t\t\t<\/div>\n\t\t<\/div>\n\t\t\t\t<div class=\"elementor-column elementor-col-33 elementor-inner-column elementor-element elementor-element-f12ed89\" data-id=\"f12ed89\" data-element_type=\"column\" data-e-type=\"column\">\n\t\t\t<div class=\"elementor-widget-wrap elementor-element-populated\">\n\t\t\t\t\t\t<div class=\"elementor-element elementor-element-f7f83d2 elementor-widget elementor-widget-heading\" data-id=\"f7f83d2\" data-element_type=\"widget\" data-e-type=\"widget\" data-widget_type=\"heading.default\">\n\t\t\t\t<div class=\"elementor-widget-container\">\n\t\t\t\t\t<h3 class=\"elementor-heading-title elementor-size-default\"><a href=\"https:\/\/documentos.cfa.org.br\/?c=documento&#038;a=index&#038;current_page=1&#038;numero=&#038;ano=&#038;ementa=&#038;tipo_documento_id=5\">Regulamentos<\/a><\/h3>\t\t\t\t<\/div>\n\t\t\t\t<\/div>\n\t\t\t\t<div class=\"elementor-element elementor-element-edd99bd elementor-widget elementor-widget-text-editor\" data-id=\"edd99bd\" data-element_type=\"widget\" data-e-type=\"widget\" data-widget_type=\"text-editor.default\">\n\t\t\t\t<div class=\"elementor-widget-container\">\n\t\t\t\t\t\t\t\t\t<p><a href=\"https:\/\/documentos.cfa.org.br\/?c=documento&amp;a=index&amp;current_page=1&amp;numero=&amp;ano=&amp;ementa=&amp;tipo_documento_id=5\">Regulamentos que disp\u00f5em sobre o exerc\u00edcio da profiss\u00e3o de Administrador.<\/a><\/p>\t\t\t\t\t\t\t\t<\/div>\n\t\t\t\t<\/div>\n\t\t\t\t\t<\/div>\n\t\t<\/div>\n\t\t\t\t<div class=\"elementor-column elementor-col-33 elementor-inner-column elementor-element elementor-element-2261a27\" data-id=\"2261a27\" data-element_type=\"column\" data-e-type=\"column\">\n\t\t\t<div class=\"elementor-widget-wrap elementor-element-populated\">\n\t\t\t\t\t\t<div class=\"elementor-element elementor-element-d81fc22 elementor-widget elementor-widget-heading\" data-id=\"d81fc22\" data-element_type=\"widget\" data-e-type=\"widget\" data-widget_type=\"heading.default\">\n\t\t\t\t<div class=\"elementor-widget-container\">\n\t\t\t\t\t<h3 class=\"elementor-heading-title elementor-size-default\"><a href=\"https:\/\/documentos.cfa.org.br\/?c=documento&#038;a=index&#038;current_page=1&#038;numero=&#038;ano=&#038;ementa=&#038;tipo_documento_id=7\">Resolu\u00e7\u00f5es<\/a><\/h3>\t\t\t\t<\/div>\n\t\t\t\t<\/div>\n\t\t\t\t<div class=\"elementor-element elementor-element-54ada55 elementor-widget elementor-widget-text-editor\" data-id=\"54ada55\" data-element_type=\"widget\" data-e-type=\"widget\" data-widget_type=\"text-editor.default\">\n\t\t\t\t<div class=\"elementor-widget-container\">\n\t\t\t\t\t\t\t\t\t<p><a href=\"https:\/\/documentos.cfa.org.br\/?c=documento&amp;a=index&amp;current_page=1&amp;numero=&amp;ano=&amp;ementa=&amp;tipo_documento_id=7\">Resolu\u00e7\u00f5es Normativas proferidas pelo Conselho Federal de Administra\u00e7\u00e3o.<\/a><\/p>\t\t\t\t\t\t\t\t<\/div>\n\t\t\t\t<\/div>\n\t\t\t\t\t<\/div>\n\t\t<\/div>\n\t\t\t\t\t<\/div>\n\t\t<\/section>\n\t\t\t\t\t<\/div>\n\t\t<\/div>\n\t\t\t\t\t<\/div>\n\t\t<\/section>\n\t\t\t\t<\/div>\n\t\t","protected":false},"excerpt":{"rendered":"<p>LEGISLA\u00c7\u00c3O CFA\/CRAs Acesse a \u00e1rea de documentos e legisla\u00e7\u00e3o do Sistema CFA\/CRAs pelas \u00e1reas de interesse abaixo. Leis Leis que disp\u00f5em sobre o exerc\u00edcio da profiss\u00e3o, o registro de empresas, entre outras informa\u00e7\u00f5es da profiss\u00e3o. Decretos Decretos referente \u00e0 profiss\u00e3o de Administrador. Delibera\u00e7\u00f5es Determina\u00e7\u00f5es e decis\u00f5es que dizem respeito ao exerc\u00edcio da profiss\u00e3o de Administrador.<a class=\"read-more\" href=\"https:\/\/crarn.org.br\/?page_id=62790\"> [&hellip;]<\/a><\/p>\n","protected":false},"author":25,"featured_media":0,"parent":52889,"menu_order":0,"comment_status":"closed","ping_status":"closed","template":"","meta":{"_price":"","_stock":"","_tribe_ticket_header":"","_tribe_default_ticket_provider":"","_tribe_ticket_capacity":"0","_ticket_start_date":"","_ticket_end_date":"","_tribe_ticket_show_description":"","_tribe_ticket_show_not_going":false,"_tribe_ticket_use_global_stock":"","_tribe_ticket_global_stock_level":"","_global_stock_mode":"","_global_stock_cap":"","_tribe_rsvp_for_event":"","_tribe_ticket_going_count":"","_tribe_ticket_not_going_count":"","_tribe_tickets_list":"[]","_tribe_ticket_has_attendee_info_fields":false,"footnotes":"","_tec_slr_enabled":"","_tec_slr_layout":"","_links_to":"","_links_to_target":""},"class_list":["post-62790","page","type-page","status-publish","hentry","entry"],"ticketed":false,"_links":{"self":[{"href":"https:\/\/crarn.org.br\/index.php?rest_route=\/wp\/v2\/pages\/62790","targetHints":{"allow":["GET"]}}],"collection":[{"href":"https:\/\/crarn.org.br\/index.php?rest_route=\/wp\/v2\/pages"}],"about":[{"href":"https:\/\/crarn.org.br\/index.php?rest_route=\/wp\/v2\/types\/page"}],"author":[{"embeddable":true,"href":"https:\/\/crarn.org.br\/index.php?rest_route=\/wp\/v2\/users\/25"}],"replies":[{"embeddable":true,"href":"https:\/\/crarn.org.br\/index.php?rest_route=%2Fwp%2Fv2%2Fcomments&post=62790"}],"version-history":[{"count":5,"href":"https:\/\/crarn.org.br\/index.php?rest_route=\/wp\/v2\/pages\/62790\/revisions"}],"predecessor-version":[{"id":62797,"href":"https:\/\/crarn.org.br\/index.php?rest_route=\/wp\/v2\/pages\/62790\/revisions\/62797"}],"up":[{"embeddable":true,"href":"https:\/\/crarn.org.br\/index.php?rest_route=\/wp\/v2\/pages\/52889"}],"wp:attachment":[{"href":"https:\/\/crarn.org.br\/index.php?rest_route=%2Fwp%2Fv2%2Fmedia&parent=62790"}],"curies":[{"name":"wp","href":"https:\/\/api.w.org\/{rel}","templated":true}]}}