{"id":62354,"date":"2019-04-09T16:27:03","date_gmt":"2019-04-09T19:27:03","guid":{"rendered":"http:\/\/hostgator.cfa.org.br\/cramodelo\/?page_id=62354"},"modified":"2019-04-09T16:28:29","modified_gmt":"2019-04-09T19:28:29","slug":"manual-de-postura-do-fiscal","status":"publish","type":"page","link":"https:\/\/crarn.org.br\/?page_id=62354","title":{"rendered":"Manual de Postura do Fiscal"},"content":{"rendered":"\t\t<div data-elementor-type=\"wp-post\" data-elementor-id=\"62354\" class=\"elementor elementor-62354\">\n\t\t\t\t\t\t<section class=\"elementor-section elementor-top-section elementor-element elementor-element-18c40c8 elementor-section-boxed elementor-section-height-default elementor-section-height-default\" data-id=\"18c40c8\" data-element_type=\"section\" data-e-type=\"section\">\n\t\t\t\t\t\t<div class=\"elementor-container elementor-column-gap-default\">\n\t\t\t\t\t<div class=\"elementor-column elementor-col-100 elementor-top-column elementor-element elementor-element-45a46f3\" data-id=\"45a46f3\" data-element_type=\"column\" data-e-type=\"column\">\n\t\t\t<div class=\"elementor-widget-wrap elementor-element-populated\">\n\t\t\t\t\t\t<div class=\"elementor-element elementor-element-8b47505 elementor-widget elementor-widget-heading\" data-id=\"8b47505\" data-element_type=\"widget\" data-e-type=\"widget\" data-widget_type=\"heading.default\">\n\t\t\t\t<div class=\"elementor-widget-container\">\n\t\t\t\t\t<h2 class=\"elementor-heading-title elementor-size-default\"><span style=\"font-family: Roboto, sans-serif;font-size: 20px;font-style: normal;font-weight: 600\">MANUAL DE POSTURA FISCAL<\/span><\/h2>\t\t\t\t<\/div>\n\t\t\t\t<\/div>\n\t\t\t\t<div class=\"elementor-element elementor-element-bd1cddc elementor-widget elementor-widget-text-editor\" data-id=\"bd1cddc\" data-element_type=\"widget\" data-e-type=\"widget\" data-widget_type=\"text-editor.default\">\n\t\t\t\t<div class=\"elementor-widget-container\">\n\t\t\t\t\t\t\t\t\t<p style=\"color: #777777; line-height: 24px; font-family: 'Open Sans', Arial, sans-serif; font-size: 14px; font-style: normal; font-variant-ligatures: normal; font-variant-caps: normal; font-weight: 400;\"><span style=\"font-size: large;\"><strong>A Cartilha<\/strong>\u00a0tem por finalidade\u00a0<strong>orientar os Fiscais e demais funcion\u00e1rios dos CRAs<\/strong>, quanto aos procedimentos gerais referentes \u00e0 forma\u00e7\u00e3o e tratamento de processos no \u00e2mbito do\u00a0<strong>Sistema CFA\/CRAs<\/strong>.<\/span><\/p><p style=\"color: #777777; line-height: 24px; font-family: 'Open Sans', Arial, sans-serif; font-size: 14px; font-style: normal; font-variant-ligatures: normal; font-variant-caps: normal; font-weight: 400;\"><span style=\"font-size: large;\">O Manual de Postura do Fiscal foi criado para orientar e disciplinar o\u00a0<strong>profissional de fiscaliza\u00e7\u00e3o do sistema CFA\/CRAs<\/strong>. O mesmo aborda tamb\u00e9m aspectos \u00e9ticos e comportamentais que o Fiscal deve observar no exerc\u00edcio de suas atribui\u00e7\u00f5es.<\/span><\/p><p style=\"color: #777777; line-height: 24px; font-family: 'Open Sans', Arial, sans-serif; font-size: 14px; font-style: normal; font-variant-ligatures: normal; font-variant-caps: normal; font-weight: 400;\"><a style=\"color: #1e3e76; outline-style: none !important; outline-width: initial !important;\" href=\"http:\/\/cfa.org.br\/wp-content\/uploads\/2018\/01\/Cartilha-de-Formacao-de-Processos.pdf\" target=\"_blank\" rel=\"noopener\"><span style=\"font-size: large;\"><strong>Clique e visualize!<\/strong><\/span><\/a><\/p>\t\t\t\t\t\t\t\t<\/div>\n\t\t\t\t<\/div>\n\t\t\t\t\t<\/div>\n\t\t<\/div>\n\t\t\t\t\t<\/div>\n\t\t<\/section>\n\t\t\t\t<\/div>\n\t\t","protected":false},"excerpt":{"rendered":"<p>MANUAL DE POSTURA FISCAL A Cartilha\u00a0tem por finalidade\u00a0orientar os Fiscais e demais funcion\u00e1rios dos CRAs, quanto aos procedimentos gerais referentes \u00e0 forma\u00e7\u00e3o e tratamento de processos no \u00e2mbito do\u00a0Sistema CFA\/CRAs. O Manual de Postura do Fiscal foi criado para orientar e disciplinar o\u00a0profissional de fiscaliza\u00e7\u00e3o do sistema CFA\/CRAs. O mesmo aborda tamb\u00e9m aspectos \u00e9ticos e<a class=\"read-more\" href=\"https:\/\/crarn.org.br\/?page_id=62354\"> [&hellip;]<\/a><\/p>\n","protected":false},"author":25,"featured_media":0,"parent":0,"menu_order":0,"comment_status":"closed","ping_status":"closed","template":"","meta":{"_price":"","_stock":"","_tribe_ticket_header":"","_tribe_default_ticket_provider":"","_tribe_ticket_capacity":"0","_ticket_start_date":"","_ticket_end_date":"","_tribe_ticket_show_description":"","_tribe_ticket_show_not_going":false,"_tribe_ticket_use_global_stock":"","_tribe_ticket_global_stock_level":"","_global_stock_mode":"","_global_stock_cap":"","_tribe_rsvp_for_event":"","_tribe_ticket_going_count":"","_tribe_ticket_not_going_count":"","_tribe_tickets_list":"[]","_tribe_ticket_has_attendee_info_fields":false,"footnotes":"","_tec_slr_enabled":"","_tec_slr_layout":"","_links_to":"","_links_to_target":""},"class_list":["post-62354","page","type-page","status-publish","hentry","entry"],"ticketed":false,"_links":{"self":[{"href":"https:\/\/crarn.org.br\/index.php?rest_route=\/wp\/v2\/pages\/62354","targetHints":{"allow":["GET"]}}],"collection":[{"href":"https:\/\/crarn.org.br\/index.php?rest_route=\/wp\/v2\/pages"}],"about":[{"href":"https:\/\/crarn.org.br\/index.php?rest_route=\/wp\/v2\/types\/page"}],"author":[{"embeddable":true,"href":"https:\/\/crarn.org.br\/index.php?rest_route=\/wp\/v2\/users\/25"}],"replies":[{"embeddable":true,"href":"https:\/\/crarn.org.br\/index.php?rest_route=%2Fwp%2Fv2%2Fcomments&post=62354"}],"version-history":[{"count":2,"href":"https:\/\/crarn.org.br\/index.php?rest_route=\/wp\/v2\/pages\/62354\/revisions"}],"predecessor-version":[{"id":62369,"href":"https:\/\/crarn.org.br\/index.php?rest_route=\/wp\/v2\/pages\/62354\/revisions\/62369"}],"wp:attachment":[{"href":"https:\/\/crarn.org.br\/index.php?rest_route=%2Fwp%2Fv2%2Fmedia&parent=62354"}],"curies":[{"name":"wp","href":"https:\/\/api.w.org\/{rel}","templated":true}]}}