{"id":61589,"date":"2018-08-02T16:28:57","date_gmt":"2018-08-02T19:28:57","guid":{"rendered":"http:\/\/hostgator.cfa.org.br\/cramodelo\/?page_id=61589"},"modified":"2026-01-19T14:30:04","modified_gmt":"2026-01-19T17:30:04","slug":"registro-profissional","status":"publish","type":"page","link":"https:\/\/crarn.org.br\/?page_id=61589","title":{"rendered":"Registro profissional"},"content":{"rendered":"\t\t<div data-elementor-type=\"wp-page\" data-elementor-id=\"61589\" class=\"elementor elementor-61589\">\n\t\t\t\t\t\t<section class=\"elementor-section elementor-top-section elementor-element elementor-element-a4c5b9c elementor-section-boxed elementor-section-height-default elementor-section-height-default\" data-id=\"a4c5b9c\" data-element_type=\"section\" data-e-type=\"section\">\n\t\t\t\t\t\t<div class=\"elementor-container elementor-column-gap-default\">\n\t\t\t\t\t<div class=\"elementor-column elementor-col-100 elementor-top-column elementor-element elementor-element-638e94c\" data-id=\"638e94c\" data-element_type=\"column\" data-e-type=\"column\">\n\t\t\t<div class=\"elementor-widget-wrap elementor-element-populated\">\n\t\t\t\t\t\t<div class=\"elementor-element elementor-element-1a7fc78c elementor-widget elementor-widget-text-editor\" data-id=\"1a7fc78c\" data-element_type=\"widget\" data-e-type=\"widget\" data-widget_type=\"text-editor.default\">\n\t\t\t\t<div class=\"elementor-widget-container\">\n\t\t\t\t\t\t\t\t\t<h2>Como fa\u00e7o para obter meu registro de pessoa f\u00edsica no CRA?\u00a0<\/h2><p>Para requerer o registro profissional e obter a Carteira de Identidade Profissional, o interessado (a) pode solicitar atrav\u00e9s deste site no <a href=\"https:\/\/cra-rn.implanta.net.br\/servicosonline\/\">Autoatendimento<\/a>. Caso n\u00e3o seja poss\u00edvel, pode se dirigir \u00e0s sedes do CRA-RN em Natal ou Mossor\u00f3, munido(a) do Diploma devidamente registrado por universidade credenciada pelo MEC ou Declara\u00e7\u00e3o de Conclus\u00e3o do Curso, fornecida pela Institui\u00e7\u00e3o de Ensino em que se graduou, al\u00e9m dos itens que constam na aba documentos deste site.<\/p><p><a href=\"https:\/\/crarn.org.br\/?page_id=61585\">PESSOA F\u00cdSICA<\/a><\/p><p><a href=\"https:\/\/crarn.org.br\/?page_id=64454\">PESSOA JUR\u00cdDICA<\/a><\/p><p>Endere\u00e7o das sedes:<br \/>Natal &#8211; Rua Auris Coelho, 471 &#8211; Lagoa Nova | Natal\/RN<br \/>Tel: (84) 3234-6672<\/p><p>Seccional Mossor\u00f3 &#8211; Rua Meira e S\u00e1, n\u00ba 275, Sala 105, Centro &#8211; Mossor\u00f3 &#8211;<br \/>Tel: (84) 99112-7630<\/p>\t\t\t\t\t\t\t\t<\/div>\n\t\t\t\t<\/div>\n\t\t\t\t\t<\/div>\n\t\t<\/div>\n\t\t\t\t\t<\/div>\n\t\t<\/section>\n\t\t\t\t<\/div>\n\t\t","protected":false},"excerpt":{"rendered":"<p>Como fa\u00e7o para obter meu registro de pessoa f\u00edsica no CRA?\u00a0 Para requerer o registro profissional e obter a Carteira de Identidade Profissional, o interessado (a) pode solicitar atrav\u00e9s deste site no Autoatendimento. Caso n\u00e3o seja poss\u00edvel, pode se dirigir \u00e0s sedes do CRA-RN em Natal ou Mossor\u00f3, munido(a) do Diploma devidamente registrado por universidade<a class=\"read-more\" href=\"https:\/\/crarn.org.br\/?page_id=61589\"> [&hellip;]<\/a><\/p>\n","protected":false},"author":25,"featured_media":0,"parent":0,"menu_order":0,"comment_status":"closed","ping_status":"closed","template":"","meta":{"_price":"","_stock":"","_tribe_ticket_header":"","_tribe_default_ticket_provider":"","_tribe_ticket_capacity":"0","_ticket_start_date":"","_ticket_end_date":"","_tribe_ticket_show_description":"","_tribe_ticket_show_not_going":false,"_tribe_ticket_use_global_stock":"","_tribe_ticket_global_stock_level":"","_global_stock_mode":"","_global_stock_cap":"","_tribe_rsvp_for_event":"","_tribe_ticket_going_count":"","_tribe_ticket_not_going_count":"","_tribe_tickets_list":"[]","_tribe_ticket_has_attendee_info_fields":false,"footnotes":"","_tec_slr_enabled":"","_tec_slr_layout":"","_links_to":"","_links_to_target":""},"class_list":["post-61589","page","type-page","status-publish","hentry","entry"],"ticketed":false,"_links":{"self":[{"href":"https:\/\/crarn.org.br\/index.php?rest_route=\/wp\/v2\/pages\/61589","targetHints":{"allow":["GET"]}}],"collection":[{"href":"https:\/\/crarn.org.br\/index.php?rest_route=\/wp\/v2\/pages"}],"about":[{"href":"https:\/\/crarn.org.br\/index.php?rest_route=\/wp\/v2\/types\/page"}],"author":[{"embeddable":true,"href":"https:\/\/crarn.org.br\/index.php?rest_route=\/wp\/v2\/users\/25"}],"replies":[{"embeddable":true,"href":"https:\/\/crarn.org.br\/index.php?rest_route=%2Fwp%2Fv2%2Fcomments&post=61589"}],"version-history":[{"count":18,"href":"https:\/\/crarn.org.br\/index.php?rest_route=\/wp\/v2\/pages\/61589\/revisions"}],"predecessor-version":[{"id":68418,"href":"https:\/\/crarn.org.br\/index.php?rest_route=\/wp\/v2\/pages\/61589\/revisions\/68418"}],"wp:attachment":[{"href":"https:\/\/crarn.org.br\/index.php?rest_route=%2Fwp%2Fv2%2Fmedia&parent=61589"}],"curies":[{"name":"wp","href":"https:\/\/api.w.org\/{rel}","templated":true}]}}