{"id":54884,"date":"2018-01-17T16:30:51","date_gmt":"2018-01-17T18:30:51","guid":{"rendered":"http:\/\/hostgator.cfa.org.br\/cramodelo\/?page_id=54884"},"modified":"2019-02-07T11:03:35","modified_gmt":"2019-02-07T13:03:35","slug":"fiscalizacao-campos-de-atuacao-do-administrador","status":"publish","type":"page","link":"https:\/\/crarn.org.br\/?page_id=54884","title":{"rendered":"Campos de Atua\u00e7\u00e3o do Administrador"},"content":{"rendered":"\t\t<div data-elementor-type=\"wp-post\" data-elementor-id=\"54884\" class=\"elementor elementor-54884 elementor-bc-flex-widget\">\n\t\t\t\t\t\t<section class=\"elementor-section elementor-top-section elementor-element elementor-element-345ccc4 elementor-section-boxed elementor-section-height-default elementor-section-height-default\" data-id=\"345ccc4\" data-element_type=\"section\" data-e-type=\"section\">\n\t\t\t\t\t\t<div class=\"elementor-container elementor-column-gap-default\">\n\t\t\t\t\t<div class=\"elementor-column elementor-col-100 elementor-top-column elementor-element elementor-element-26363d5\" data-id=\"26363d5\" data-element_type=\"column\" data-e-type=\"column\">\n\t\t\t<div class=\"elementor-widget-wrap elementor-element-populated\">\n\t\t\t\t\t\t<div class=\"elementor-element elementor-element-fb6bd5d elementor-widget elementor-widget-spacer\" data-id=\"fb6bd5d\" data-element_type=\"widget\" data-e-type=\"widget\" data-widget_type=\"spacer.default\">\n\t\t\t\t<div class=\"elementor-widget-container\">\n\t\t\t\t\t\t\t<div class=\"elementor-spacer\">\n\t\t\t<div class=\"elementor-spacer-inner\"><\/div>\n\t\t<\/div>\n\t\t\t\t\t\t<\/div>\n\t\t\t\t<\/div>\n\t\t\t\t\t<\/div>\n\t\t<\/div>\n\t\t\t\t\t<\/div>\n\t\t<\/section>\n\t\t\t\t<section class=\"elementor-section elementor-top-section elementor-element elementor-element-8d2a9e5 elementor-section-boxed elementor-section-height-default elementor-section-height-default\" data-id=\"8d2a9e5\" data-element_type=\"section\" data-e-type=\"section\">\n\t\t\t\t\t\t<div class=\"elementor-container elementor-column-gap-default\">\n\t\t\t\t\t<div class=\"elementor-column elementor-col-100 elementor-top-column elementor-element elementor-element-18c87f9\" data-id=\"18c87f9\" data-element_type=\"column\" data-e-type=\"column\">\n\t\t\t<div class=\"elementor-widget-wrap elementor-element-populated\">\n\t\t\t\t\t\t<div class=\"elementor-element elementor-element-34ba48f elementor-widget elementor-widget-toggle\" data-id=\"34ba48f\" data-element_type=\"widget\" data-e-type=\"widget\" data-widget_type=\"toggle.default\">\n\t\t\t\t<div class=\"elementor-widget-container\">\n\t\t\t\t\t\t\t<div class=\"elementor-toggle\">\n\t\t\t\t\t\t\t<div class=\"elementor-toggle-item\">\n\t\t\t\t\t<div id=\"elementor-tab-title-5521\" class=\"elementor-tab-title\" data-tab=\"1\" role=\"button\" aria-controls=\"elementor-tab-content-5521\" aria-expanded=\"false\">\n\t\t\t\t\t\t\t\t\t\t\t\t<span class=\"elementor-toggle-icon elementor-toggle-icon-left\" aria-hidden=\"true\">\n\t\t\t\t\t\t\t\t\t\t\t\t\t\t\t<span class=\"elementor-toggle-icon-closed\"><i class=\"fas fa-caret-right\"><\/i><\/span>\n\t\t\t\t\t\t\t\t<span class=\"elementor-toggle-icon-opened\"><i class=\"elementor-toggle-icon-opened fas fa-caret-up\"><\/i><\/span>\n\t\t\t\t\t\t\t\t\t\t\t\t\t<\/span>\n\t\t\t\t\t\t\t\t\t\t\t\t<a class=\"elementor-toggle-title\" tabindex=\"0\">Administra\u00e7\u00e3o e Sele\u00e7\u00e3o de Pessoal\/Recursos Humanos<\/a>\n\t\t\t\t\t<\/div>\n\n\t\t\t\t\t<div id=\"elementor-tab-content-5521\" class=\"elementor-tab-content elementor-clearfix\" data-tab=\"1\" role=\"region\" aria-labelledby=\"elementor-tab-title-5521\"><ul><li>Cargos e sal\u00e1rios<\/li><li>Controle de Pessoal<\/li><li>Coordena\u00e7\u00e3o de Pessoal<\/li><li>Desenvolvimento de Pessoal<\/li><li>Interpreta\u00e7\u00e3o de Performances<\/li><li>Loca\u00e7\u00e3o de M\u00e3o-de-Obra<\/li><li>Pessoal Administrativo<\/li><li>Pessoal de Opera\u00e7\u00f5es<\/li><li>Recrutamento<\/li><li>Recursos Humanos<\/li><li>Sele\u00e7\u00e3o<\/li><li>Treinamento<\/li><\/ul><\/div>\n\t\t\t\t<\/div>\n\t\t\t\t\t\t\t<div class=\"elementor-toggle-item\">\n\t\t\t\t\t<div id=\"elementor-tab-title-5522\" class=\"elementor-tab-title\" data-tab=\"2\" role=\"button\" aria-controls=\"elementor-tab-content-5522\" aria-expanded=\"false\">\n\t\t\t\t\t\t\t\t\t\t\t\t<span class=\"elementor-toggle-icon elementor-toggle-icon-left\" aria-hidden=\"true\">\n\t\t\t\t\t\t\t\t\t\t\t\t\t\t\t<span class=\"elementor-toggle-icon-closed\"><i class=\"fas fa-caret-right\"><\/i><\/span>\n\t\t\t\t\t\t\t\t<span class=\"elementor-toggle-icon-opened\"><i class=\"elementor-toggle-icon-opened fas fa-caret-up\"><\/i><\/span>\n\t\t\t\t\t\t\t\t\t\t\t\t\t<\/span>\n\t\t\t\t\t\t\t\t\t\t\t\t<a class=\"elementor-toggle-title\" tabindex=\"0\">Organiza\u00e7\u00e3o e M\u00e9todos\/An\u00e1lise de Sistemas<\/a>\n\t\t\t\t\t<\/div>\n\n\t\t\t\t\t<div id=\"elementor-tab-content-5522\" class=\"elementor-tab-content elementor-clearfix\" data-tab=\"2\" role=\"region\" aria-labelledby=\"elementor-tab-title-5522\"><ul><li>Administra\u00e7\u00e3o de Empresas<\/li><li>An\u00e1lise de Formul\u00e1rios<\/li><li>An\u00e1lise de M\u00e9todos<\/li><li>An\u00e1lise de Processos<\/li><li>An\u00e1lise de Sistemas<\/li><li>Assessoria Administrativa<\/li><li>Assessoria Empresarial<\/li><li>Assist\u00eancia Administrativa<\/li><li>Auditoria Administrativa<\/li><li>Consultoria Administrativa<\/li><li>Controle Administrativo<\/li><li>Ger\u00eancia Administrativa e de Projetos<\/li><li>Implanta\u00e7\u00e3o de Controle e de Projetos<\/li><li>Implanta\u00e7\u00e3o de Estruturas Empresariais<\/li><li>Implanta\u00e7\u00e3o de M\u00e9todos e Processos<\/li><li>Implanta\u00e7\u00e3o de Planos<\/li><li>Implanta\u00e7\u00e3o de Servi\u00e7os<\/li><li>Implanta\u00e7\u00e3o de Sistemas<\/li><li>Organiza\u00e7\u00e3o Administrativa<\/li><li>Organiza\u00e7\u00e3o de Empresa<\/li><li>Organiza\u00e7\u00e3o e Implanta\u00e7\u00e3o de Custos<\/li><li>Pareceres Administrativos<\/li><li>Per\u00edcias Administrativas<\/li><li>Planejamento Empresarial<\/li><li>Planos de Racionaliza\u00e7\u00e3o e Reorganiza\u00e7\u00e3o<\/li><li>Processamento de Dados\/Inform\u00e1tica<\/li><li>Projetos Administrativos<\/li><li>Racionaliza\u00e7\u00e3o<\/li><\/ul><\/div>\n\t\t\t\t<\/div>\n\t\t\t\t\t\t\t<div class=\"elementor-toggle-item\">\n\t\t\t\t\t<div id=\"elementor-tab-title-5523\" class=\"elementor-tab-title\" data-tab=\"3\" role=\"button\" aria-controls=\"elementor-tab-content-5523\" aria-expanded=\"false\">\n\t\t\t\t\t\t\t\t\t\t\t\t<span class=\"elementor-toggle-icon elementor-toggle-icon-left\" aria-hidden=\"true\">\n\t\t\t\t\t\t\t\t\t\t\t\t\t\t\t<span class=\"elementor-toggle-icon-closed\"><i class=\"fas fa-caret-right\"><\/i><\/span>\n\t\t\t\t\t\t\t\t<span class=\"elementor-toggle-icon-opened\"><i class=\"elementor-toggle-icon-opened fas fa-caret-up\"><\/i><\/span>\n\t\t\t\t\t\t\t\t\t\t\t\t\t<\/span>\n\t\t\t\t\t\t\t\t\t\t\t\t<a class=\"elementor-toggle-title\" tabindex=\"0\">Or\u00e7amento<\/a>\n\t\t\t\t\t<\/div>\n\n\t\t\t\t\t<div id=\"elementor-tab-content-5523\" class=\"elementor-tab-content elementor-clearfix\" data-tab=\"3\" role=\"region\" aria-labelledby=\"elementor-tab-title-5523\"><ul><li>Controle de Custos<\/li><li>Controle e Custo Or\u00e7ament\u00e1rio<\/li><li>Elabora\u00e7\u00e3o de Or\u00e7amento<\/li><li>Empresarial<\/li><li>Implanta\u00e7\u00e3o de Sistemas<\/li><li>Proje\u00e7\u00f5es<\/li><li>Provis\u00f5es e Previs\u00f5es<\/li><\/ul><\/div>\n\t\t\t\t<\/div>\n\t\t\t\t\t\t\t<div class=\"elementor-toggle-item\">\n\t\t\t\t\t<div id=\"elementor-tab-title-5524\" class=\"elementor-tab-title\" data-tab=\"4\" role=\"button\" aria-controls=\"elementor-tab-content-5524\" aria-expanded=\"false\">\n\t\t\t\t\t\t\t\t\t\t\t\t<span class=\"elementor-toggle-icon elementor-toggle-icon-left\" aria-hidden=\"true\">\n\t\t\t\t\t\t\t\t\t\t\t\t\t\t\t<span class=\"elementor-toggle-icon-closed\"><i class=\"fas fa-caret-right\"><\/i><\/span>\n\t\t\t\t\t\t\t\t<span class=\"elementor-toggle-icon-opened\"><i class=\"elementor-toggle-icon-opened fas fa-caret-up\"><\/i><\/span>\n\t\t\t\t\t\t\t\t\t\t\t\t\t<\/span>\n\t\t\t\t\t\t\t\t\t\t\t\t<a class=\"elementor-toggle-title\" tabindex=\"0\">Administra\u00e7\u00e3o de Material\/Log\u00edstica<\/a>\n\t\t\t\t\t<\/div>\n\n\t\t\t\t\t<div id=\"elementor-tab-content-5524\" class=\"elementor-tab-content elementor-clearfix\" data-tab=\"4\" role=\"region\" aria-labelledby=\"elementor-tab-title-5524\"><ul><li>Administra\u00e7\u00e3o de Estoque<\/li><li>Assessoria de Compras<\/li><li>Assessoria de Estoques<\/li><li>Assessoria de Materiais<\/li><li>Cataloga\u00e7\u00e3o de Materiais<\/li><li>Codifica\u00e7\u00e3o de Materiais<\/li><li>Controle de Materiais<\/li><li>Estudo de Materiais<\/li><li>Log\u00edstica<\/li><li>Or\u00e7amento e Procura de Materiais<\/li><li>Planejamento de Compras<\/li><li>Sistemas de Suprimento<\/li><\/ul><\/div>\n\t\t\t\t<\/div>\n\t\t\t\t\t\t\t<div class=\"elementor-toggle-item\">\n\t\t\t\t\t<div id=\"elementor-tab-title-5525\" class=\"elementor-tab-title\" data-tab=\"5\" role=\"button\" aria-controls=\"elementor-tab-content-5525\" aria-expanded=\"false\">\n\t\t\t\t\t\t\t\t\t\t\t\t<span class=\"elementor-toggle-icon elementor-toggle-icon-left\" aria-hidden=\"true\">\n\t\t\t\t\t\t\t\t\t\t\t\t\t\t\t<span class=\"elementor-toggle-icon-closed\"><i class=\"fas fa-caret-right\"><\/i><\/span>\n\t\t\t\t\t\t\t\t<span class=\"elementor-toggle-icon-opened\"><i class=\"elementor-toggle-icon-opened fas fa-caret-up\"><\/i><\/span>\n\t\t\t\t\t\t\t\t\t\t\t\t\t<\/span>\n\t\t\t\t\t\t\t\t\t\t\t\t<a class=\"elementor-toggle-title\" tabindex=\"0\">Administra\u00e7\u00e3o Financeira<\/a>\n\t\t\t\t\t<\/div>\n\n\t\t\t\t\t<div id=\"elementor-tab-content-5525\" class=\"elementor-tab-content elementor-clearfix\" data-tab=\"5\" role=\"region\" aria-labelledby=\"elementor-tab-title-5525\"><ul><li>An\u00e1lise Financeira<\/li><li>Apura\u00e7\u00e3o do E.V.A. (Economic Value Added)<\/li><li>Assessoria Financeira<\/li><li>Assist\u00eancia T\u00e9cnica Financeira<\/li><li>Consultoria T\u00e9cnica Financeira<\/li><li>Diagn\u00f3stico Financeiro<\/li><li>Orienta\u00e7\u00e3o Financeira<\/li><li>Pareceres de Viabilidade Financeira<\/li><li>Proje\u00e7\u00f5es Financeiras<\/li><li>Projetos Financeiros<\/li><li>Sistemas Financeiros<\/li><li>Administra\u00e7\u00e3o de Bens e Valores<\/li><li>Administra\u00e7\u00e3o de Capitais<\/li><li>Controladoria<\/li><li>Controle de Custos<\/li><li>Levantamento de Aplica\u00e7\u00e3o de Recursos<\/li><li>Arbitragens<\/li><li>Controle de Bens Patrimoniais<\/li><li>Participa\u00e7\u00e3o em outras Sociedades \u2013 (Holding)<\/li><li>Planejamento de Recursos<\/li><li>Plano de Cobran\u00e7a<\/li><li>Projetos de Estudo e Preparo para Financiamento<\/li><\/ul><\/div>\n\t\t\t\t<\/div>\n\t\t\t\t\t\t\t<div class=\"elementor-toggle-item\">\n\t\t\t\t\t<div id=\"elementor-tab-title-5526\" class=\"elementor-tab-title\" data-tab=\"6\" role=\"button\" aria-controls=\"elementor-tab-content-5526\" aria-expanded=\"false\">\n\t\t\t\t\t\t\t\t\t\t\t\t<span class=\"elementor-toggle-icon elementor-toggle-icon-left\" aria-hidden=\"true\">\n\t\t\t\t\t\t\t\t\t\t\t\t\t\t\t<span class=\"elementor-toggle-icon-closed\"><i class=\"fas fa-caret-right\"><\/i><\/span>\n\t\t\t\t\t\t\t\t<span class=\"elementor-toggle-icon-opened\"><i class=\"elementor-toggle-icon-opened fas fa-caret-up\"><\/i><\/span>\n\t\t\t\t\t\t\t\t\t\t\t\t\t<\/span>\n\t\t\t\t\t\t\t\t\t\t\t\t<a class=\"elementor-toggle-title\" tabindex=\"0\">Administra\u00e7\u00e3o Mercadol\u00f3gica\/Marketing<\/a>\n\t\t\t\t\t<\/div>\n\n\t\t\t\t\t<div id=\"elementor-tab-content-5526\" class=\"elementor-tab-content elementor-clearfix\" data-tab=\"6\" role=\"region\" aria-labelledby=\"elementor-tab-title-5526\"><ul><li>Administra\u00e7\u00e3o de Vendas<\/li><li>Canais de Distribui\u00e7\u00e3o<\/li><li>Consultoria Promocional<\/li><li>Coordena\u00e7\u00e3o de Promo\u00e7\u00f5es<\/li><li>Estudos de Mercado<\/li><li>Informa\u00e7\u00f5es Comerciais \u2013 Extra \u2013 Cont\u00e1beis<\/li><li>Marketing<\/li><li>Pesquisa de Mercado<\/li><li>Pesquisa de Desenvolvimento de Produto<\/li><li>Planejamento de Vendas<\/li><li>Promo\u00e7\u00f5es<\/li><li>T\u00e9cnica Comercial<\/li><li>T\u00e9cnica de Varejo (grandes magazines)<\/li><\/ul><\/div>\n\t\t\t\t<\/div>\n\t\t\t\t\t\t\t<div class=\"elementor-toggle-item\">\n\t\t\t\t\t<div id=\"elementor-tab-title-5527\" class=\"elementor-tab-title\" data-tab=\"7\" role=\"button\" aria-controls=\"elementor-tab-content-5527\" aria-expanded=\"false\">\n\t\t\t\t\t\t\t\t\t\t\t\t<span class=\"elementor-toggle-icon elementor-toggle-icon-left\" aria-hidden=\"true\">\n\t\t\t\t\t\t\t\t\t\t\t\t\t\t\t<span class=\"elementor-toggle-icon-closed\"><i class=\"fas fa-caret-right\"><\/i><\/span>\n\t\t\t\t\t\t\t\t<span class=\"elementor-toggle-icon-opened\"><i class=\"elementor-toggle-icon-opened fas fa-caret-up\"><\/i><\/span>\n\t\t\t\t\t\t\t\t\t\t\t\t\t<\/span>\n\t\t\t\t\t\t\t\t\t\t\t\t<a class=\"elementor-toggle-title\" tabindex=\"0\">Administra\u00e7\u00e3o de Produ\u00e7\u00e3o<\/a>\n\t\t\t\t\t<\/div>\n\n\t\t\t\t\t<div id=\"elementor-tab-content-5527\" class=\"elementor-tab-content elementor-clearfix\" data-tab=\"7\" role=\"region\" aria-labelledby=\"elementor-tab-title-5527\"><ul><li>Controle de Produ\u00e7\u00e3o<\/li><li>Pesquisa de Produ\u00e7\u00e3o<\/li><li>Planejamento de Produ\u00e7\u00e3o<\/li><li>Planejamento e An\u00e1lise de Custo<\/li><\/ul><\/div>\n\t\t\t\t<\/div>\n\t\t\t\t\t\t\t<div class=\"elementor-toggle-item\">\n\t\t\t\t\t<div id=\"elementor-tab-title-5528\" class=\"elementor-tab-title\" data-tab=\"8\" role=\"button\" aria-controls=\"elementor-tab-content-5528\" aria-expanded=\"false\">\n\t\t\t\t\t\t\t\t\t\t\t\t<span class=\"elementor-toggle-icon elementor-toggle-icon-left\" aria-hidden=\"true\">\n\t\t\t\t\t\t\t\t\t\t\t\t\t\t\t<span class=\"elementor-toggle-icon-closed\"><i class=\"fas fa-caret-right\"><\/i><\/span>\n\t\t\t\t\t\t\t\t<span class=\"elementor-toggle-icon-opened\"><i class=\"elementor-toggle-icon-opened fas fa-caret-up\"><\/i><\/span>\n\t\t\t\t\t\t\t\t\t\t\t\t\t<\/span>\n\t\t\t\t\t\t\t\t\t\t\t\t<a class=\"elementor-toggle-title\" tabindex=\"0\">Desdobramentos ou Conexos<\/a>\n\t\t\t\t\t<\/div>\n\n\t\t\t\t\t<div id=\"elementor-tab-content-5528\" class=\"elementor-tab-content elementor-clearfix\" data-tab=\"8\" role=\"region\" aria-labelledby=\"elementor-tab-title-5528\"><ul><li>Administra\u00e7\u00e3o de Cons\u00f3rcio<\/li><li>Administra\u00e7\u00e3o de Com\u00e9rcio Exterior<\/li><li>Administra\u00e7\u00e3o de Cooperativas<\/li><li>Administra\u00e7\u00e3o Hospitalar<\/li><li>Administra\u00e7\u00e3o de Condom\u00ednios<\/li><li>Administra\u00e7\u00e3o de Im\u00f3veis<\/li><li>Administra\u00e7\u00e3o de Processamento de Dados\/ Inform\u00e1tica<\/li><li>Administra\u00e7\u00e3o Rural<\/li><li>Administra\u00e7\u00e3o Hoteleira<\/li><li>Factoring<\/li><li>Turismo<\/li><\/ul><\/div>\n\t\t\t\t<\/div>\n\t\t\t\t\t\t\t\t<\/div>\n\t\t\t\t\t\t<\/div>\n\t\t\t\t<\/div>\n\t\t\t\t\t<\/div>\n\t\t<\/div>\n\t\t\t\t\t<\/div>\n\t\t<\/section>\n\t\t\t\t<section class=\"elementor-section elementor-top-section elementor-element elementor-element-22dcb7d elementor-section-boxed elementor-section-height-default elementor-section-height-default\" data-id=\"22dcb7d\" data-element_type=\"section\" data-e-type=\"section\">\n\t\t\t\t\t\t<div class=\"elementor-container elementor-column-gap-default\">\n\t\t\t\t\t<div class=\"elementor-column elementor-col-100 elementor-top-column elementor-element elementor-element-512ac3c\" data-id=\"512ac3c\" data-element_type=\"column\" data-e-type=\"column\">\n\t\t\t<div class=\"elementor-widget-wrap elementor-element-populated\">\n\t\t\t\t\t\t<div class=\"elementor-element elementor-element-9a9bedd elementor-widget elementor-widget-spacer\" data-id=\"9a9bedd\" data-element_type=\"widget\" data-e-type=\"widget\" data-widget_type=\"spacer.default\">\n\t\t\t\t<div class=\"elementor-widget-container\">\n\t\t\t\t\t\t\t<div class=\"elementor-spacer\">\n\t\t\t<div class=\"elementor-spacer-inner\"><\/div>\n\t\t<\/div>\n\t\t\t\t\t\t<\/div>\n\t\t\t\t<\/div>\n\t\t\t\t\t<\/div>\n\t\t<\/div>\n\t\t\t\t\t<\/div>\n\t\t<\/section>\n\t\t\t\t<section class=\"elementor-section elementor-top-section elementor-element elementor-element-a8422b9 elementor-section-boxed elementor-section-height-default elementor-section-height-default\" data-id=\"a8422b9\" data-element_type=\"section\" data-e-type=\"section\">\n\t\t\t\t\t\t<div class=\"elementor-container elementor-column-gap-default\">\n\t\t\t\t\t<div class=\"elementor-column elementor-col-100 elementor-top-column elementor-element elementor-element-696af07\" data-id=\"696af07\" data-element_type=\"column\" data-e-type=\"column\">\n\t\t\t<div class=\"elementor-widget-wrap elementor-element-populated\">\n\t\t\t\t\t\t<div class=\"elementor-element elementor-element-21877bc elementor-widget elementor-widget-spacer\" data-id=\"21877bc\" data-element_type=\"widget\" data-e-type=\"widget\" data-widget_type=\"spacer.default\">\n\t\t\t\t<div class=\"elementor-widget-container\">\n\t\t\t\t\t\t\t<div class=\"elementor-spacer\">\n\t\t\t<div class=\"elementor-spacer-inner\"><\/div>\n\t\t<\/div>\n\t\t\t\t\t\t<\/div>\n\t\t\t\t<\/div>\n\t\t\t\t\t<\/div>\n\t\t<\/div>\n\t\t\t\t\t<\/div>\n\t\t<\/section>\n\t\t\t\t<\/div>\n\t\t","protected":false},"excerpt":{"rendered":"<p>Administra\u00e7\u00e3o e Sele\u00e7\u00e3o de Pessoal\/Recursos Humanos Cargos e sal\u00e1rios Controle de Pessoal Coordena\u00e7\u00e3o de Pessoal Desenvolvimento de Pessoal Interpreta\u00e7\u00e3o de Performances Loca\u00e7\u00e3o de M\u00e3o-de-Obra Pessoal Administrativo Pessoal de Opera\u00e7\u00f5es Recrutamento Recursos Humanos Sele\u00e7\u00e3o Treinamento Organiza\u00e7\u00e3o e M\u00e9todos\/An\u00e1lise de Sistemas Administra\u00e7\u00e3o de Empresas An\u00e1lise de Formul\u00e1rios An\u00e1lise de M\u00e9todos An\u00e1lise de Processos An\u00e1lise de Sistemas Assessoria<a class=\"read-more\" href=\"https:\/\/crarn.org.br\/?page_id=54884\"> [&hellip;]<\/a><\/p>\n","protected":false},"author":25,"featured_media":0,"parent":54876,"menu_order":0,"comment_status":"closed","ping_status":"closed","template":"","meta":{"_price":"","_stock":"","_tribe_ticket_header":"","_tribe_default_ticket_provider":"","_tribe_ticket_capacity":"0","_ticket_start_date":"","_ticket_end_date":"","_tribe_ticket_show_description":"","_tribe_ticket_show_not_going":false,"_tribe_ticket_use_global_stock":"","_tribe_ticket_global_stock_level":"","_global_stock_mode":"","_global_stock_cap":"","_tribe_rsvp_for_event":"","_tribe_ticket_going_count":"","_tribe_ticket_not_going_count":"","_tribe_tickets_list":"[]","_tribe_ticket_has_attendee_info_fields":false,"footnotes":"","_tec_slr_enabled":"","_tec_slr_layout":"","_links_to":"","_links_to_target":""},"class_list":["post-54884","page","type-page","status-publish","hentry","entry"],"ticketed":false,"_links":{"self":[{"href":"https:\/\/crarn.org.br\/index.php?rest_route=\/wp\/v2\/pages\/54884","targetHints":{"allow":["GET"]}}],"collection":[{"href":"https:\/\/crarn.org.br\/index.php?rest_route=\/wp\/v2\/pages"}],"about":[{"href":"https:\/\/crarn.org.br\/index.php?rest_route=\/wp\/v2\/types\/page"}],"author":[{"embeddable":true,"href":"https:\/\/crarn.org.br\/index.php?rest_route=\/wp\/v2\/users\/25"}],"replies":[{"embeddable":true,"href":"https:\/\/crarn.org.br\/index.php?rest_route=%2Fwp%2Fv2%2Fcomments&post=54884"}],"version-history":[{"count":2,"href":"https:\/\/crarn.org.br\/index.php?rest_route=\/wp\/v2\/pages\/54884\/revisions"}],"predecessor-version":[{"id":62293,"href":"https:\/\/crarn.org.br\/index.php?rest_route=\/wp\/v2\/pages\/54884\/revisions\/62293"}],"up":[{"embeddable":true,"href":"https:\/\/crarn.org.br\/index.php?rest_route=\/wp\/v2\/pages\/54876"}],"wp:attachment":[{"href":"https:\/\/crarn.org.br\/index.php?rest_route=%2Fwp%2Fv2%2Fmedia&parent=54884"}],"curies":[{"name":"wp","href":"https:\/\/api.w.org\/{rel}","templated":true}]}}