{"id":54856,"date":"2018-01-17T14:35:12","date_gmt":"2018-01-17T16:35:12","guid":{"rendered":"http:\/\/hostgator.cfa.org.br\/cramodelo\/?page_id=54856"},"modified":"2025-06-02T15:41:51","modified_gmt":"2025-06-02T18:41:51","slug":"administracao-sobre-a-profissao","status":"publish","type":"page","link":"https:\/\/crarn.org.br\/?page_id=54856","title":{"rendered":"Sobre a profiss\u00e3o"},"content":{"rendered":"\t\t<div data-elementor-type=\"wp-post\" data-elementor-id=\"54856\" class=\"elementor elementor-54856\">\n\t\t\t\t\t\t<section class=\"elementor-section elementor-top-section elementor-element elementor-element-892f1d2 elementor-section-boxed elementor-section-height-default elementor-section-height-default\" data-id=\"892f1d2\" data-element_type=\"section\" data-e-type=\"section\">\n\t\t\t\t\t\t<div class=\"elementor-container elementor-column-gap-default\">\n\t\t\t\t\t<div class=\"elementor-column elementor-col-100 elementor-top-column elementor-element elementor-element-3b8b22a\" data-id=\"3b8b22a\" data-element_type=\"column\" data-e-type=\"column\">\n\t\t\t<div class=\"elementor-widget-wrap elementor-element-populated\">\n\t\t\t\t\t\t<div class=\"elementor-element elementor-element-92172c4 elementor-widget elementor-widget-spacer\" data-id=\"92172c4\" data-element_type=\"widget\" data-e-type=\"widget\" data-widget_type=\"spacer.default\">\n\t\t\t\t<div class=\"elementor-widget-container\">\n\t\t\t\t\t\t\t<div class=\"elementor-spacer\">\n\t\t\t<div class=\"elementor-spacer-inner\"><\/div>\n\t\t<\/div>\n\t\t\t\t\t\t<\/div>\n\t\t\t\t<\/div>\n\t\t\t\t\t<\/div>\n\t\t<\/div>\n\t\t\t\t\t<\/div>\n\t\t<\/section>\n\t\t\t\t<section class=\"elementor-section elementor-top-section elementor-element elementor-element-2215200 elementor-section-boxed elementor-section-height-default elementor-section-height-default\" data-id=\"2215200\" data-element_type=\"section\" data-e-type=\"section\">\n\t\t\t\t\t\t<div class=\"elementor-container elementor-column-gap-default\">\n\t\t\t\t\t<div class=\"elementor-column elementor-col-100 elementor-top-column elementor-element elementor-element-24ba136\" data-id=\"24ba136\" data-element_type=\"column\" data-e-type=\"column\">\n\t\t\t<div class=\"elementor-widget-wrap elementor-element-populated\">\n\t\t\t\t\t\t<div class=\"elementor-element elementor-element-951cd47 elementor-widget elementor-widget-heading\" data-id=\"951cd47\" data-element_type=\"widget\" data-e-type=\"widget\" data-widget_type=\"heading.default\">\n\t\t\t\t<div class=\"elementor-widget-container\">\n\t\t\t\t\t<h1 class=\"elementor-heading-title elementor-size-default\">Saiba mais sobre a profiss\u00e3o de Administrador no Brasil<\/h1>\t\t\t\t<\/div>\n\t\t\t\t<\/div>\n\t\t\t\t\t<\/div>\n\t\t<\/div>\n\t\t\t\t\t<\/div>\n\t\t<\/section>\n\t\t\t\t<section class=\"elementor-section elementor-top-section elementor-element elementor-element-6c45ed8 elementor-section-boxed elementor-section-height-default elementor-section-height-default\" data-id=\"6c45ed8\" data-element_type=\"section\" data-e-type=\"section\">\n\t\t\t\t\t\t<div class=\"elementor-container elementor-column-gap-default\">\n\t\t\t\t\t<div class=\"elementor-column elementor-col-100 elementor-top-column elementor-element elementor-element-2aeba67\" data-id=\"2aeba67\" data-element_type=\"column\" data-e-type=\"column\">\n\t\t\t<div class=\"elementor-widget-wrap elementor-element-populated\">\n\t\t\t\t\t\t<div class=\"elementor-element elementor-element-fa632e2 elementor-widget elementor-widget-toggle\" data-id=\"fa632e2\" data-element_type=\"widget\" data-e-type=\"widget\" data-widget_type=\"toggle.default\">\n\t\t\t\t<div class=\"elementor-widget-container\">\n\t\t\t\t\t\t\t<div class=\"elementor-toggle\">\n\t\t\t\t\t\t\t<div class=\"elementor-toggle-item\">\n\t\t\t\t\t<div id=\"elementor-tab-title-2621\" class=\"elementor-tab-title\" data-tab=\"1\" role=\"button\" aria-controls=\"elementor-tab-content-2621\" aria-expanded=\"false\">\n\t\t\t\t\t\t\t\t\t\t\t\t<span class=\"elementor-toggle-icon elementor-toggle-icon-left\" aria-hidden=\"true\">\n\t\t\t\t\t\t\t\t\t\t\t\t\t\t\t<span class=\"elementor-toggle-icon-closed\"><i class=\"fas fa-caret-right\"><\/i><\/span>\n\t\t\t\t\t\t\t\t<span class=\"elementor-toggle-icon-opened\"><i class=\"elementor-toggle-icon-opened fas fa-caret-up\"><\/i><\/span>\n\t\t\t\t\t\t\t\t\t\t\t\t\t<\/span>\n\t\t\t\t\t\t\t\t\t\t\t\t<a class=\"elementor-toggle-title\" tabindex=\"0\">Dia do Administrador<\/a>\n\t\t\t\t\t<\/div>\n\n\t\t\t\t\t<div id=\"elementor-tab-content-2621\" class=\"elementor-tab-content elementor-clearfix\" data-tab=\"1\" role=\"region\" aria-labelledby=\"elementor-tab-title-2621\"><p>Nove de setembro \u00e9 o Dia do Administrador, por ser a data de assinatura da Lei n\u00ba 4769, de 9 de setembro de 1965, que criou e regulamentou a profiss\u00e3o de Administrador. O dia do Administrador foi institu\u00eddo pela Resolu\u00e7\u00e3o CFA n\u00ba 65\/68, de 09\/12\/68.<\/p><\/div>\n\t\t\t\t<\/div>\n\t\t\t\t\t\t\t<div class=\"elementor-toggle-item\">\n\t\t\t\t\t<div id=\"elementor-tab-title-2622\" class=\"elementor-tab-title\" data-tab=\"2\" role=\"button\" aria-controls=\"elementor-tab-content-2622\" aria-expanded=\"false\">\n\t\t\t\t\t\t\t\t\t\t\t\t<span class=\"elementor-toggle-icon elementor-toggle-icon-left\" aria-hidden=\"true\">\n\t\t\t\t\t\t\t\t\t\t\t\t\t\t\t<span class=\"elementor-toggle-icon-closed\"><i class=\"fas fa-caret-right\"><\/i><\/span>\n\t\t\t\t\t\t\t\t<span class=\"elementor-toggle-icon-opened\"><i class=\"elementor-toggle-icon-opened fas fa-caret-up\"><\/i><\/span>\n\t\t\t\t\t\t\t\t\t\t\t\t\t<\/span>\n\t\t\t\t\t\t\t\t\t\t\t\t<a class=\"elementor-toggle-title\" tabindex=\"0\">Juramento do Administrador<\/a>\n\t\t\t\t\t<\/div>\n\n\t\t\t\t\t<div id=\"elementor-tab-content-2622\" class=\"elementor-tab-content elementor-clearfix\" data-tab=\"2\" role=\"region\" aria-labelledby=\"elementor-tab-title-2622\"><p>O juramento retrata o momento solene em que o profissional na plenitude de sua forma\u00e7\u00e3o profissional, de sua conscientiza\u00e7\u00e3o como membro de uma categoria, de seu amadurecimento como cidad\u00e3o investido de responsabilidade para com toda comunidade, afirma, livre mas enfaticamente, sua integral dedica\u00e7\u00e3o aos postulados da profiss\u00e3o e total respeito aos seus valores t\u00e9cnicos, legais e morais.<\/p><p>A Assembl\u00e9ia de Presidentes de Conselhos de Administra\u00e7\u00e3o, Federal e Regionais, aprovou em sua 2\u00aa. reuni\u00e3o, realizada em Bras\u00edlia no dia 8 de maio de 1978, o juramento do \u201cADMINISTRADOR\u201d, nos termos propostos pelo Conselho Regional de Administra\u00e7\u00e3o de S\u00e3o Paulo.<\/p><p><em><strong>\u201cPrometo DIGNIFICAR minha profiss\u00e3o, consciente de minhas responsabilidades legais, observar o c\u00f3digo de \u00e9tica, objetivando o aperfei\u00e7oamento da ci\u00eancia da administra\u00e7\u00e3o, o desenvolvimento das institui\u00e7\u00f5es e a grandeza do homem e da p\u00e1tria\u201d.<\/strong><\/em><\/p><p>Fazer o juramento ao ingressar na profiss\u00e3o, constitui o dever inicial de todo o Administrador; respeit\u00e1-lo, obedecendo-o, constitui o dever de sempre do Administrador.<\/p><p>Fa\u00e7amos de nossa profiss\u00e3o raz\u00e3o de nosso orgulho. Fa\u00e7amos que seja respeitada, admirada, valorizada. O profissional reflete o conceito que sua categoria goza. Elevemos, cada vez mais, a profiss\u00e3o de \u201d Administrador \u201c, honrando a escolha que fizemos.<\/p><\/div>\n\t\t\t\t<\/div>\n\t\t\t\t\t\t\t<div class=\"elementor-toggle-item\">\n\t\t\t\t\t<div id=\"elementor-tab-title-2623\" class=\"elementor-tab-title\" data-tab=\"3\" role=\"button\" aria-controls=\"elementor-tab-content-2623\" aria-expanded=\"false\">\n\t\t\t\t\t\t\t\t\t\t\t\t<span class=\"elementor-toggle-icon elementor-toggle-icon-left\" aria-hidden=\"true\">\n\t\t\t\t\t\t\t\t\t\t\t\t\t\t\t<span class=\"elementor-toggle-icon-closed\"><i class=\"fas fa-caret-right\"><\/i><\/span>\n\t\t\t\t\t\t\t\t<span class=\"elementor-toggle-icon-opened\"><i class=\"elementor-toggle-icon-opened fas fa-caret-up\"><\/i><\/span>\n\t\t\t\t\t\t\t\t\t\t\t\t\t<\/span>\n\t\t\t\t\t\t\t\t\t\t\t\t<a class=\"elementor-toggle-title\" tabindex=\"0\">O S\u00edmbolo da Profiss\u00e3o<\/a>\n\t\t\t\t\t<\/div>\n\n\t\t\t\t\t<div id=\"elementor-tab-content-2623\" class=\"elementor-tab-content elementor-clearfix\" data-tab=\"3\" role=\"region\" aria-labelledby=\"elementor-tab-title-2623\"><p><img decoding=\"async\" class=\"size-medium wp-image-67866 alignleft\" src=\"https:\/\/crarn.org.br\/wp-content\/uploads\/2025\/05\/simbolo-de-administracao-conselho-federal-significado-300x162.webp\" alt=\"\" width=\"300\" height=\"162\" srcset=\"https:\/\/crarn.org.br\/wp-content\/uploads\/2025\/05\/simbolo-de-administracao-conselho-federal-significado-300x162.webp 300w, https:\/\/crarn.org.br\/wp-content\/uploads\/2025\/05\/simbolo-de-administracao-conselho-federal-significado-768x414.webp 768w, https:\/\/crarn.org.br\/wp-content\/uploads\/2025\/05\/simbolo-de-administracao-conselho-federal-significado.webp 800w\" sizes=\"(max-width: 300px) 100vw, 300px\" \/><\/p><p>Este \u00e9 o S\u00edmbolo do Sistema CFA\/CRAs. Dever\u00e1 ser usado nas suas v\u00e1rias vers\u00f5es, em toda a comunica\u00e7\u00e3o visual dos Conselhos Federal e Regionais de Administra\u00e7\u00e3o. O S\u00edmbolo \u00e9 composto de um emblema que representa a profiss\u00e3o de Administrador, cuja concep\u00e7\u00e3o e composi\u00e7\u00e3o \u00e9 detalhada no \u201cManual de Identidade Visual da Profiss\u00e3o\u201d , inclusive especifica\u00e7\u00f5es de cores, para aplica\u00e7\u00e3o em policromia ou em preto e branco.<\/p><p><strong>A Seguir um Pequeno Hist\u00f3rico de como surgiu o S\u00edmbolo do Administrador<\/strong><\/p><p>O Conselho Federal de Administra\u00e7\u00e3o promoveu em 1979 um concurso nacional para a escolha de um s\u00edmbolo que o representasse. Para tanto, foram convidados personalidades relacionadas \u00e0s artes gr\u00e1ficas, como o industrial Jos\u00e9 E. Mindlin, o especialista em her\u00e1ldica Adm. Rui Vieira da Cunha, o grafista Adm. Z\u00e9lio Alves Pinto, o arquiteto Alexandre Wollner, al\u00e9m dos Presidentes dos Conselhos Regionais de Administra\u00e7\u00e3o do Rio de Janeiro e de S\u00e3o Paulo, Adm. Ant\u00f4nio Jos\u00e9 de Pinho e Adm. Roberto Carvalho Cardoso, e do Conselheiro Federal Arlindo BragaSenna, para compor um corpo de jurados que deveriam julgar e escolher o S\u00edmbolo da Profiss\u00e3o do Administrador.<\/p><p>O concurso recebeu trezentas e nove sugest\u00f5es, vindas de quase todos os Estados brasileiros. Estes trabalhos foram analisados por sete membros do j\u00fari e teve como primeiro resultado a sele\u00e7\u00e3o de 40 (quarenta) trabalhos para serem escolhidos na segunda fase de julgamento. No dia 9 de abril de 1980, em Bras\u00edlia\/DF, foram selecionados 10 (dez) trabalhos para uma segunda fase de julgamento. A escolha final, dific\u00edlima, devido \u00e0s linguagens gr\u00e1ficas distintas e oriundas das diversas regi\u00f5es do pa\u00eds, finalmente legitimou o s\u00edmbolo j\u00e1 bastante conhecido, que representa em todo o territ\u00f3rio nacional a profiss\u00e3o do Administrador. O trabalho escolhido foi apresentado por um grupo de Curitiba, denominado \u201cOficina de Cria\u00e7\u00e3o\u201d.<\/p><p>O s\u00edmbolo escolhido para identificar a profiss\u00e3o do Administrador tem a seguinte explica\u00e7\u00e3o pelos seus autores:<\/p><p>\u201cA forma aparece como intermedi\u00e1rio entre o esp\u00edrito e a mat\u00e9ria\u201d.<br \/>Para Goethe o que est\u00e1 dentro (id\u00e9ia), est\u00e1 tamb\u00e9m fora (forma).<\/p><p><strong>1. JUSTIFICATIVA:<\/strong><\/p><p>O quadrado \u00e9 o ponto para atingir o s\u00edmbolo, uma condensa\u00e7\u00e3o expressiva e precisa correspondente ao (intensivo\/qualitativo), por contraposi\u00e7\u00e3o ao (extensivo\/quantitativo).<\/p><p><strong>2. O QUADRADO COMO PONTO DE PARTIDA:<\/strong><\/p><p>Uma forma b\u00e1sica, pura, onde o processo de tens\u00e3o de linhas \u00e9 rec\u00edproco;<\/p><p>Sendo assim, os limites verticais\/horizontais entram em processo rec\u00edproco de tens\u00e3o.<\/p><p>Uma justificativa para a profiss\u00e3o, que possui tamb\u00e9m certos limites em seus objetivos:<\/p><ul><li>organizar<\/li><li>dispor para funcionar reunir<\/li><li>arbitra<\/li><li>relatar<\/li><li>planejar<\/li><li>dirigir<\/li><li>encaminhar os diferentes aspectos de uma quest\u00e3o \/ para um objetivo comum.<\/li><\/ul><p>O quadrado \u00e9 regularidade, possui sentido est\u00e1tico quando apoiado em seu lado, \u00e9 sentido din\u00e2mico quando apoiado em seu v\u00e9rtice, (a proposi\u00e7\u00e3o escolhida).<\/p><p>As flechas indicam um caminho, uma meta. A parte de uma premissa, de um princ\u00edpio de a\u00e7\u00e3o (o centro). Considerando o ser humano um elemento pluralista, para atingir estes objetivos, atrav\u00e9s dos elementos propostos, as flechas centrais se dirigem para um objetivo comum, baseado na regularidade; para atingir o mundo das id\u00e9ias\/para obter o supra sumo, chegando a uma meta comum, atrav\u00e9s de uma exposi\u00e7\u00e3o pr\u00e9via de fundamentos, partindo das raz\u00f5es de um parecer. (movimenta\u00e7\u00e3o) interna das flechas.<\/p><p><strong>3. EVOLU\u00c7\u00c3O GR\u00c1FICA:<\/strong><\/p><p>Parte-se de um quadrado inscrito num outro quadrado. O quadrado inscrito \u00e9 destacado do centro, isto \u00e9, \u00e9 vazado, os v\u00e9rtices verticais tentam encontrar o centro atrav\u00e9s de dobramento.<\/p><p><a href=\"https:\/\/documentos.cfa.org.br\/arquivos\/resolucao_normativa_594_2020_765.pdf\" target=\"_blank\" rel=\"noopener\">Clique aqui e confira como dever\u00e1 ser utilizado o s\u00edmbolo<\/a><\/p><\/div>\n\t\t\t\t<\/div>\n\t\t\t\t\t\t\t<div class=\"elementor-toggle-item\">\n\t\t\t\t\t<div id=\"elementor-tab-title-2624\" class=\"elementor-tab-title\" data-tab=\"4\" role=\"button\" aria-controls=\"elementor-tab-content-2624\" aria-expanded=\"false\">\n\t\t\t\t\t\t\t\t\t\t\t\t<span class=\"elementor-toggle-icon elementor-toggle-icon-left\" aria-hidden=\"true\">\n\t\t\t\t\t\t\t\t\t\t\t\t\t\t\t<span class=\"elementor-toggle-icon-closed\"><i class=\"fas fa-caret-right\"><\/i><\/span>\n\t\t\t\t\t\t\t\t<span class=\"elementor-toggle-icon-opened\"><i class=\"elementor-toggle-icon-opened fas fa-caret-up\"><\/i><\/span>\n\t\t\t\t\t\t\t\t\t\t\t\t\t<\/span>\n\t\t\t\t\t\t\t\t\t\t\t\t<a class=\"elementor-toggle-title\" tabindex=\"0\">A Pedra<\/a>\n\t\t\t\t\t<\/div>\n\n\t\t\t\t\t<div id=\"elementor-tab-content-2624\" class=\"elementor-tab-content elementor-clearfix\" data-tab=\"4\" role=\"region\" aria-labelledby=\"elementor-tab-title-2624\"><p>A safira azul escura do anel do Administrador, denominada safira oriental, \u00e9 um mineral que pertence \u00e0 classe dos \u00f3xidos, grupo corindou. \u00c9 denominada corindo ou cor\u00edndon nobre por sua transpar\u00eancia e colora\u00e7\u00e3o pura. Neste grupo encontramos tamb\u00e9m o rubi oriental. Estas pedras s\u00e3o encontradas no Si\u00e3o, na Birm\u00f4nia, em Madagascar e no Brasil.<\/p><p>Com fundamento no s\u00edmbolo, o anel do Administrador dever\u00e1 ter em um de seus lados o s\u00edmbolo da profiss\u00e3o do Administrador.<\/p><\/div>\n\t\t\t\t<\/div>\n\t\t\t\t\t\t\t<div class=\"elementor-toggle-item\">\n\t\t\t\t\t<div id=\"elementor-tab-title-2625\" class=\"elementor-tab-title\" data-tab=\"5\" role=\"button\" aria-controls=\"elementor-tab-content-2625\" aria-expanded=\"false\">\n\t\t\t\t\t\t\t\t\t\t\t\t<span class=\"elementor-toggle-icon elementor-toggle-icon-left\" aria-hidden=\"true\">\n\t\t\t\t\t\t\t\t\t\t\t\t\t\t\t<span class=\"elementor-toggle-icon-closed\"><i class=\"fas fa-caret-right\"><\/i><\/span>\n\t\t\t\t\t\t\t\t<span class=\"elementor-toggle-icon-opened\"><i class=\"elementor-toggle-icon-opened fas fa-caret-up\"><\/i><\/span>\n\t\t\t\t\t\t\t\t\t\t\t\t\t<\/span>\n\t\t\t\t\t\t\t\t\t\t\t\t<a class=\"elementor-toggle-title\" tabindex=\"0\">O Anel<\/a>\n\t\t\t\t\t<\/div>\n\n\t\t\t\t\t<div id=\"elementor-tab-content-2625\" class=\"elementor-tab-content elementor-clearfix\" data-tab=\"5\" role=\"region\" aria-labelledby=\"elementor-tab-title-2625\"><p>O Anel do Administrador tem como pedra a safira de cor azul-escura, pois \u00e9 cor que identifica as atividades criadoras, por meio das quais os homens demonstram sua capacidade de construir para o aumento de suas riquezas, tendo em vista suas preocupa\u00e7\u00f5es n\u00e3o serem especulativas.<\/p><p>Em um dos lados da pedra safira dever\u00e1 ser aplicado o S\u00edmbolo da Profiss\u00e3o do Administrador.<\/p><\/div>\n\t\t\t\t<\/div>\n\t\t\t\t\t\t\t<div class=\"elementor-toggle-item\">\n\t\t\t\t\t<div id=\"elementor-tab-title-2626\" class=\"elementor-tab-title\" data-tab=\"6\" role=\"button\" aria-controls=\"elementor-tab-content-2626\" aria-expanded=\"false\">\n\t\t\t\t\t\t\t\t\t\t\t\t<span class=\"elementor-toggle-icon elementor-toggle-icon-left\" aria-hidden=\"true\">\n\t\t\t\t\t\t\t\t\t\t\t\t\t\t\t<span class=\"elementor-toggle-icon-closed\"><i class=\"fas fa-caret-right\"><\/i><\/span>\n\t\t\t\t\t\t\t\t<span class=\"elementor-toggle-icon-opened\"><i class=\"elementor-toggle-icon-opened fas fa-caret-up\"><\/i><\/span>\n\t\t\t\t\t\t\t\t\t\t\t\t\t<\/span>\n\t\t\t\t\t\t\t\t\t\t\t\t<a class=\"elementor-toggle-title\" tabindex=\"0\">Ora\u00e7\u00e3o do Administrador<\/a>\n\t\t\t\t\t<\/div>\n\n\t\t\t\t\t<div id=\"elementor-tab-content-2626\" class=\"elementor-tab-content elementor-clearfix\" data-tab=\"6\" role=\"region\" aria-labelledby=\"elementor-tab-title-2626\"><p><em>\u201cSenhor, diante das organiza\u00e7\u00f5es devo ter CONSCI\u00caNCIA de minhas responsabilidades como ADMINISTRADOR. Reconhe\u00e7o minhas limita\u00e7\u00f5es, mas, humildemente, junto com meus companheiros de trabalho busco o consenso para alcan\u00e7ar a SOLU\u00c7\u00c3O e tornar o trabalho menos penoso e mais produtivo; Senhor, despido do ego\u00edsmo, quero crescer, fazendo crescer, tamb\u00e9m, os que me cercam e que s\u00e3o a raz\u00e3o de minha escolha profissional; Senhor, ADMINISTRE o meu cora\u00e7\u00e3o para que ele siga o caminho do bem, pois, a mim caber\u00e1 realizar obras sadias para tornar as organiza\u00e7\u00f5es cada vez melhores e mais humanas.\u201d<\/em><\/p><p>Adm. Rui Ribeiro de Ara\u00fajo<br \/>CRA\/DF n\u00ba 228<\/p><\/div>\n\t\t\t\t<\/div>\n\t\t\t\t\t\t\t<div class=\"elementor-toggle-item\">\n\t\t\t\t\t<div id=\"elementor-tab-title-2627\" class=\"elementor-tab-title\" data-tab=\"7\" role=\"button\" aria-controls=\"elementor-tab-content-2627\" aria-expanded=\"false\">\n\t\t\t\t\t\t\t\t\t\t\t\t<span class=\"elementor-toggle-icon elementor-toggle-icon-left\" aria-hidden=\"true\">\n\t\t\t\t\t\t\t\t\t\t\t\t\t\t\t<span class=\"elementor-toggle-icon-closed\"><i class=\"fas fa-caret-right\"><\/i><\/span>\n\t\t\t\t\t\t\t\t<span class=\"elementor-toggle-icon-opened\"><i class=\"elementor-toggle-icon-opened fas fa-caret-up\"><\/i><\/span>\n\t\t\t\t\t\t\t\t\t\t\t\t\t<\/span>\n\t\t\t\t\t\t\t\t\t\t\t\t<a class=\"elementor-toggle-title\" tabindex=\"0\">Bandeira<\/a>\n\t\t\t\t\t<\/div>\n\n\t\t\t\t\t<div id=\"elementor-tab-content-2627\" class=\"elementor-tab-content elementor-clearfix\" data-tab=\"7\" role=\"region\" aria-labelledby=\"elementor-tab-title-2627\"><p>A Bandeira dever\u00e1 ser constru\u00edda inspirada na malha modular da Bandeira Brasileira, que tem as seguintes medidas: 2,0m na horizontal e 1,4m na altura.<\/p><p>O S\u00edmbolo dever\u00e1 ser posto no centro da malha, numa posi\u00e7\u00e3o sim\u00e9trica, conforme o modelo acima. Observar o espa\u00e7o grifado em vermelho. A \u00e1rea tomada pelo S\u00edmbolo dever\u00e1 ser de exatamente 1,6m por 0,8m.<\/p><p>A cor do tecido dever\u00e1 contrastar com o azul do S\u00edmbolo.<\/p><\/div>\n\t\t\t\t<\/div>\n\t\t\t\t\t\t\t<div class=\"elementor-toggle-item\">\n\t\t\t\t\t<div id=\"elementor-tab-title-2628\" class=\"elementor-tab-title\" data-tab=\"8\" role=\"button\" aria-controls=\"elementor-tab-content-2628\" aria-expanded=\"false\">\n\t\t\t\t\t\t\t\t\t\t\t\t<span class=\"elementor-toggle-icon elementor-toggle-icon-left\" aria-hidden=\"true\">\n\t\t\t\t\t\t\t\t\t\t\t\t\t\t\t<span class=\"elementor-toggle-icon-closed\"><i class=\"fas fa-caret-right\"><\/i><\/span>\n\t\t\t\t\t\t\t\t<span class=\"elementor-toggle-icon-opened\"><i class=\"elementor-toggle-icon-opened fas fa-caret-up\"><\/i><\/span>\n\t\t\t\t\t\t\t\t\t\t\t\t\t<\/span>\n\t\t\t\t\t\t\t\t\t\t\t\t<a class=\"elementor-toggle-title\" tabindex=\"0\">C\u00f3digo de \u00c9tica<\/a>\n\t\t\t\t\t<\/div>\n\n\t\t\t\t\t<div id=\"elementor-tab-content-2628\" class=\"elementor-tab-content elementor-clearfix\" data-tab=\"8\" role=\"region\" aria-labelledby=\"elementor-tab-title-2628\"><p>C\u00f3digo de \u00c9tica dos profissionais de Administra\u00e7\u00e3o<\/p><p>O Sistema CFA\/CRAs conta com um C\u00f3digo de \u00c9tica para as regras do exerc\u00edcio profissional e suas atribui\u00e7\u00f5es, previsto na Lei n\u00ba 4.769\/65 e atualizado \u2013 recentemente \u2013 pela Resolu\u00e7\u00e3o Normativa da autarquia n\u00ba 537\/2018. Nele constam os deveres e condutas necess\u00e1rias para o correto exerc\u00edcio profissional da Administra\u00e7\u00e3o na sociedade e, no combate \u00e0 m\u00e1 gest\u00e3o de recursos, sejam humanos, financeiros ou materiais, de \u00f3rg\u00e3os p\u00fablicos ou organiza\u00e7\u00f5es privadas no Brasil.<\/p><p>Para acessar o novo C\u00f3digo de \u00c9tica dos Profissionais de Administra\u00e7\u00e3o, <a href=\"https:\/\/crarn.org.br\/wp-content\/uploads\/2022\/01\/Codigo-de-Etica-RN-18537.pdf\">Clique aqui<\/a><\/p><\/div>\n\t\t\t\t<\/div>\n\t\t\t\t\t\t\t\t<\/div>\n\t\t\t\t\t\t<\/div>\n\t\t\t\t<\/div>\n\t\t\t\t\t<\/div>\n\t\t<\/div>\n\t\t\t\t\t<\/div>\n\t\t<\/section>\n\t\t\t\t<section class=\"elementor-section elementor-top-section elementor-element elementor-element-5cac716 elementor-section-boxed elementor-section-height-default elementor-section-height-default\" data-id=\"5cac716\" data-element_type=\"section\" data-e-type=\"section\">\n\t\t\t\t\t\t<div class=\"elementor-container elementor-column-gap-default\">\n\t\t\t\t\t<div class=\"elementor-column elementor-col-100 elementor-top-column elementor-element elementor-element-f7a227a\" data-id=\"f7a227a\" data-element_type=\"column\" data-e-type=\"column\">\n\t\t\t<div class=\"elementor-widget-wrap elementor-element-populated\">\n\t\t\t\t\t\t<div class=\"elementor-element elementor-element-1b5b4f6 elementor-widget elementor-widget-spacer\" data-id=\"1b5b4f6\" data-element_type=\"widget\" data-e-type=\"widget\" data-widget_type=\"spacer.default\">\n\t\t\t\t<div class=\"elementor-widget-container\">\n\t\t\t\t\t\t\t<div class=\"elementor-spacer\">\n\t\t\t<div class=\"elementor-spacer-inner\"><\/div>\n\t\t<\/div>\n\t\t\t\t\t\t<\/div>\n\t\t\t\t<\/div>\n\t\t\t\t\t<\/div>\n\t\t<\/div>\n\t\t\t\t\t<\/div>\n\t\t<\/section>\n\t\t\t\t<\/div>\n\t\t","protected":false},"excerpt":{"rendered":"<p>Saiba mais sobre a profiss\u00e3o de Administrador no Brasil Dia do Administrador Nove de setembro \u00e9 o Dia do Administrador, por ser a data de assinatura da Lei n\u00ba 4769, de 9 de setembro de 1965, que criou e regulamentou a profiss\u00e3o de Administrador. O dia do Administrador foi institu\u00eddo pela Resolu\u00e7\u00e3o CFA n\u00ba 65\/68,<a class=\"read-more\" href=\"https:\/\/crarn.org.br\/?page_id=54856\"> [&hellip;]<\/a><\/p>\n","protected":false},"author":25,"featured_media":0,"parent":54846,"menu_order":0,"comment_status":"closed","ping_status":"closed","template":"","meta":{"_price":"","_stock":"","_tribe_ticket_header":"","_tribe_default_ticket_provider":"","_tribe_ticket_capacity":"0","_ticket_start_date":"","_ticket_end_date":"","_tribe_ticket_show_description":"","_tribe_ticket_show_not_going":false,"_tribe_ticket_use_global_stock":"","_tribe_ticket_global_stock_level":"","_global_stock_mode":"","_global_stock_cap":"","_tribe_rsvp_for_event":"","_tribe_ticket_going_count":"","_tribe_ticket_not_going_count":"","_tribe_tickets_list":"[]","_tribe_ticket_has_attendee_info_fields":false,"footnotes":"","_tec_slr_enabled":"","_tec_slr_layout":"","_links_to":"","_links_to_target":""},"class_list":["post-54856","page","type-page","status-publish","hentry","entry"],"ticketed":false,"_links":{"self":[{"href":"https:\/\/crarn.org.br\/index.php?rest_route=\/wp\/v2\/pages\/54856","targetHints":{"allow":["GET"]}}],"collection":[{"href":"https:\/\/crarn.org.br\/index.php?rest_route=\/wp\/v2\/pages"}],"about":[{"href":"https:\/\/crarn.org.br\/index.php?rest_route=\/wp\/v2\/types\/page"}],"author":[{"embeddable":true,"href":"https:\/\/crarn.org.br\/index.php?rest_route=\/wp\/v2\/users\/25"}],"replies":[{"embeddable":true,"href":"https:\/\/crarn.org.br\/index.php?rest_route=%2Fwp%2Fv2%2Fcomments&post=54856"}],"version-history":[{"count":23,"href":"https:\/\/crarn.org.br\/index.php?rest_route=\/wp\/v2\/pages\/54856\/revisions"}],"predecessor-version":[{"id":67930,"href":"https:\/\/crarn.org.br\/index.php?rest_route=\/wp\/v2\/pages\/54856\/revisions\/67930"}],"up":[{"embeddable":true,"href":"https:\/\/crarn.org.br\/index.php?rest_route=\/wp\/v2\/pages\/54846"}],"wp:attachment":[{"href":"https:\/\/crarn.org.br\/index.php?rest_route=%2Fwp%2Fv2%2Fmedia&parent=54856"}],"curies":[{"name":"wp","href":"https:\/\/api.w.org\/{rel}","templated":true}]}}