{"id":52889,"date":"2017-10-16T09:22:13","date_gmt":"2017-10-16T11:22:13","guid":{"rendered":"http:\/\/hostgator.cfa.org.br\/cramodelo\/wordpress\/?page_id=52889"},"modified":"2019-04-11T09:26:20","modified_gmt":"2019-04-11T12:26:20","slug":"transparencia-cfa","status":"publish","type":"page","link":"https:\/\/crarn.org.br\/?page_id=52889","title":{"rendered":"Portal da Transpar\u00eancia CFA"},"content":{"rendered":"\t\t<div data-elementor-type=\"wp-post\" data-elementor-id=\"52889\" class=\"elementor elementor-52889\">\n\t\t\t\t\t\t<section class=\"elementor-section elementor-top-section elementor-element elementor-element-f252a25 elementor-section-boxed elementor-section-height-default elementor-section-height-default\" data-id=\"f252a25\" data-element_type=\"section\" data-e-type=\"section\">\n\t\t\t\t\t\t<div class=\"elementor-container elementor-column-gap-default\">\n\t\t\t\t\t<div class=\"elementor-column elementor-col-100 elementor-top-column elementor-element elementor-element-c6834de\" data-id=\"c6834de\" data-element_type=\"column\" data-e-type=\"column\">\n\t\t\t<div class=\"elementor-widget-wrap elementor-element-populated\">\n\t\t\t\t\t\t<div class=\"elementor-element elementor-element-93fdb74 elementor-widget elementor-widget-image\" data-id=\"93fdb74\" data-element_type=\"widget\" data-e-type=\"widget\" data-widget_type=\"image.default\">\n\t\t\t\t<div class=\"elementor-widget-container\">\n\t\t\t\t\t\t\t\t\t\t\t\t\t\t\t<img fetchpriority=\"high\" decoding=\"async\" width=\"663\" height=\"198\" src=\"https:\/\/crarn.org.br\/wp-content\/uploads\/2018\/08\/portal-da-transpar\u00eancia-01-4.png\" class=\"attachment-large size-large wp-image-62101\" alt=\"\" srcset=\"https:\/\/crarn.org.br\/wp-content\/uploads\/2018\/08\/portal-da-transpar\u00eancia-01-4.png 663w, https:\/\/crarn.org.br\/wp-content\/uploads\/2018\/08\/portal-da-transpar\u00eancia-01-4-300x90.png 300w, https:\/\/crarn.org.br\/wp-content\/uploads\/2018\/08\/portal-da-transpar\u00eancia-01-4-200x60.png 200w, https:\/\/crarn.org.br\/wp-content\/uploads\/2018\/08\/portal-da-transpar\u00eancia-01-4-400x119.png 400w, https:\/\/crarn.org.br\/wp-content\/uploads\/2018\/08\/portal-da-transpar\u00eancia-01-4-600x179.png 600w\" sizes=\"(max-width: 663px) 100vw, 663px\" \/>\t\t\t\t\t\t\t\t\t\t\t\t\t\t\t<\/div>\n\t\t\t\t<\/div>\n\t\t\t\t\t<\/div>\n\t\t<\/div>\n\t\t\t\t\t<\/div>\n\t\t<\/section>\n\t\t\t\t<section class=\"elementor-section elementor-top-section elementor-element elementor-element-685aca6 elementor-section-boxed elementor-section-height-default elementor-section-height-default\" data-id=\"685aca6\" data-element_type=\"section\" data-e-type=\"section\">\n\t\t\t\t\t\t<div class=\"elementor-container elementor-column-gap-default\">\n\t\t\t\t\t<div class=\"elementor-column elementor-col-100 elementor-top-column elementor-element elementor-element-b496e56\" data-id=\"b496e56\" data-element_type=\"column\" data-e-type=\"column\">\n\t\t\t<div class=\"elementor-widget-wrap elementor-element-populated\">\n\t\t\t\t\t\t<div class=\"elementor-element elementor-element-38f6bb7 elementor-widget elementor-widget-text-editor\" data-id=\"38f6bb7\" data-element_type=\"widget\" data-e-type=\"widget\" data-widget_type=\"text-editor.default\">\n\t\t\t\t<div class=\"elementor-widget-container\">\n\t\t\t\t\t\t\t\t\t<h3>Cidad\u00e3o: entre e acesse o portal CRA Transpar\u00eancia. A casa \u00e9 sua.<\/h3><p>O Portal da Transpar\u00eancia do CRA tem a inten\u00e7\u00e3o de permitir ao cidad\u00e3o o acesso transparente e integral a informa\u00e7\u00f5es diversas sobre a autarquia federal.<\/p><p>A ferramenta atende \u00e0 <a href=\"http:\/\/www.planalto.gov.br\/ccivil_03\/_ato2011-2014\/2011\/lei\/l12527.htm\" target=\"_blank\" rel=\"noopener\">Lei n\u00ba 12.527\/2011<\/a>, denominada Lei de Acesso \u00e0 Informa\u00e7\u00e3o, que normatiza os artigos 5\u00ba e 37 da Constitui\u00e7\u00e3o Federal ao estabelecer que todas as informa\u00e7\u00f5es dispon\u00edveis em qualquer entidade p\u00fablica sejam disponibilizadas na internet, com exce\u00e7\u00e3o apenas de documentos oficialmente declarados como sigilosos.<\/p>\t\t\t\t\t\t\t\t<\/div>\n\t\t\t\t<\/div>\n\t\t\t\t\t<\/div>\n\t\t<\/div>\n\t\t\t\t\t<\/div>\n\t\t<\/section>\n\t\t\t\t<section class=\"elementor-section elementor-top-section elementor-element elementor-element-4178eec elementor-section-boxed elementor-section-height-default elementor-section-height-default\" data-id=\"4178eec\" data-element_type=\"section\" data-e-type=\"section\">\n\t\t\t\t\t\t<div class=\"elementor-container elementor-column-gap-default\">\n\t\t\t\t\t<div class=\"elementor-column elementor-col-100 elementor-top-column elementor-element elementor-element-a6f154f\" data-id=\"a6f154f\" data-element_type=\"column\" data-e-type=\"column\">\n\t\t\t<div class=\"elementor-widget-wrap elementor-element-populated\">\n\t\t\t\t\t\t<div class=\"elementor-element elementor-element-cb6d205 elementor-widget elementor-widget-shortcode\" data-id=\"cb6d205\" data-element_type=\"widget\" data-e-type=\"widget\" data-widget_type=\"shortcode.default\">\n\t\t\t\t<div class=\"elementor-widget-container\">\n\t\t\t\t\t\t\t<div class=\"elementor-shortcode\">\t\t<div class=\"mdocs\">\n\t\t\t\t\t<div class=\"mdocs-wrap\">\n\t\t\t<div class=\"mdocs-admin-preview\"><\/div>\n\t\t\t\t\t\t<div class=\"mdocs-development-warning\"><\/div>\n\t\t\t<div class=\"mdoc-navbar-container\">\n\t\t\t\t\t\t\t\t<nav class=\"navbar mdocs-navbar-default\" role=\"navigation\" id=\"mdocs-navbar\">\n\t\t\t\t\t<div class=\"container-fluid\">\n\t\t\t\t\t\t<div class=\"navbar-header\">\n\t\t\t\t\t\t\t<button type=\"button\" class=\"navbar-toggle\" data-toggle=\"collapse\" data-target=\"#mdocs-navbar-collapse\">\n\t\t\t\t\t\t\t  <span class=\"sr-only\">Toggle navigation<\/span>\n\t\t\t\t\t\t\t  <span class=\"icon-bar\"><\/span>\n\t\t\t\t\t\t\t  <span class=\"icon-bar\"><\/span>\n\t\t\t\t\t\t\t  <span class=\"icon-bar\"><\/span>\n\t\t\t\t\t\t\t<\/button>\n\t\t\t\t\t\t\t<span class=\"navbar-brand\">Pastas<\/span>\n\t\t\t\t\t\t<\/div>\n\t\t\t\t\t\t<div class=\"collapse navbar-collapse\" id=\"mdocs-navbar-collapse\">\n\t\t\t\t\t\t\t<ul class=\"nav navbar-nav\">\n\t\t\t\t\t\t\t\t\t\t\t\t\t\t\t\t\t\t<li>\n\t\t\t\t\t\t\t\t\t\t<a class=\"mdocs-folders\" data-folder=\"mdocuments\" data-sort=\"modified\" data-sort-type=\"desc\" data-current-sort=\"modified\" data-current-sort-type=\"desc\" data-is-dashboard=\"\" data-is-folder=\"true\" data-hide-folder=\"\" data-hide-main-folder=\"\" >Institucional<\/a>\n\t\t\t\t\t\t\t\t\t\t<\/li>\n\t\t\t\t\t\t\t\t\t\t\t\t\t\t\t\t\t\t\t\t<li>\n\t\t\t\t\t\t\t\t\t\t<a class=\"mdocs-folders\" data-folder=\"mdocs-cat-3\" data-sort=\"modified\" data-sort-type=\"desc\" data-current-sort=\"modified\" data-current-sort-type=\"desc\" data-is-dashboard=\"\" data-is-folder=\"true\" data-hide-folder=\"\" data-hide-main-folder=\"\" >Planejamento<\/a>\n\t\t\t\t\t\t\t\t\t\t<\/li>\n\t\t\t\t\t\t\t\t\t\t\t\t\t\t\t\t\t\t\t\t<li>\n\t\t\t\t\t\t\t\t\t\t<a class=\"mdocs-folders\" data-folder=\"mdocs-cat-6\" data-sort=\"modified\" data-sort-type=\"desc\" data-current-sort=\"modified\" data-current-sort-type=\"desc\" data-is-dashboard=\"\" data-is-folder=\"true\" data-hide-folder=\"\" data-hide-main-folder=\"\" >Receitas<\/a>\n\t\t\t\t\t\t\t\t\t\t<\/li>\n\t\t\t\t\t\t\t\t\t\t\t\t\t\t\t\t\t\t\t\t<li>\n\t\t\t\t\t\t\t\t\t\t<a class=\"mdocs-folders\" data-folder=\"mdocs-cat-7\" data-sort=\"modified\" data-sort-type=\"desc\" data-current-sort=\"modified\" data-current-sort-type=\"desc\" data-is-dashboard=\"\" data-is-folder=\"true\" data-hide-folder=\"\" data-hide-main-folder=\"\" >Despesas<\/a>\n\t\t\t\t\t\t\t\t\t\t<\/li>\n\t\t\t\t\t\t\t\t\t\t\t\t\t\t\t\t\t\t\t\t<li>\n\t\t\t\t\t\t\t\t\t\t<a class=\"mdocs-folders\" data-folder=\"mdocs-cat-8\" data-sort=\"modified\" data-sort-type=\"desc\" data-current-sort=\"modified\" data-current-sort-type=\"desc\" data-is-dashboard=\"\" data-is-folder=\"true\" data-hide-folder=\"\" data-hide-main-folder=\"\" >Balan\u00e7os<\/a>\n\t\t\t\t\t\t\t\t\t\t<\/li>\n\t\t\t\t\t\t\t\t\t\t\t\t\t\t\t\t\t\t\t\t<li>\n\t\t\t\t\t\t\t\t\t\t<a class=\"mdocs-folders\" data-folder=\"mdocs-cat-12\" data-sort=\"modified\" data-sort-type=\"desc\" data-current-sort=\"modified\" data-current-sort-type=\"desc\" data-is-dashboard=\"\" data-is-folder=\"true\" data-hide-folder=\"\" data-hide-main-folder=\"\" >Bens e im\u00f3veis<\/a>\n\t\t\t\t\t\t\t\t\t\t<\/li>\n\t\t\t\t\t\t\t\t\t\t\t\t\t\t\t\t\t\t\t\t<li>\n\t\t\t\t\t\t\t\t\t\t<a class=\"mdocs-folders\" data-folder=\"mdocs-cat-13\" data-sort=\"modified\" data-sort-type=\"desc\" data-current-sort=\"modified\" data-current-sort-type=\"desc\" data-is-dashboard=\"\" data-is-folder=\"true\" data-hide-folder=\"\" data-hide-main-folder=\"\" >Or\u00e7amento<\/a>\n\t\t\t\t\t\t\t\t\t\t<\/li>\n\t\t\t\t\t\t\t\t\t\t\t\t\t\t\t\t\t\t\t\t<li>\n\t\t\t\t\t\t\t\t\t\t<a class=\"mdocs-folders\" data-folder=\"mdocs-cat-14\" data-sort=\"modified\" data-sort-type=\"desc\" data-current-sort=\"modified\" data-current-sort-type=\"desc\" data-is-dashboard=\"\" data-is-folder=\"true\" data-hide-folder=\"\" data-hide-main-folder=\"\" >Viagens<\/a>\n\t\t\t\t\t\t\t\t\t\t<\/li>\n\t\t\t\t\t\t\t\t\t\t\t\t\t\t\t\t\t\t\t\t<li>\n\t\t\t\t\t\t\t\t\t\t<a class=\"mdocs-folders\" data-folder=\"mdocs-cat-18\" data-sort=\"modified\" data-sort-type=\"desc\" data-current-sort=\"modified\" data-current-sort-type=\"desc\" data-is-dashboard=\"\" data-is-folder=\"true\" data-hide-folder=\"\" data-hide-main-folder=\"\" >Gest\u00e3o RH<\/a>\n\t\t\t\t\t\t\t\t\t\t<\/li>\n\t\t\t\t\t\t\t\t\t\t\t\t\t\t\t\t\t<\/ul>\n\t\t\t\t\t\t<\/div>\n\t\t\t\t\t<\/div>\n\t\t\t\t<\/nav>\n\t\t\t\t\t\t<\/div>\n\t\t<\/div>\n\t\t<div class=\"mdocs-container\"><table class=\"table table-hover table-condensed\" id=\"mdocs-list-table\">\t<thead>\n\t\t<tr>\n\t\t\t\t\t\t\t<th class=\"mdocs-name mdocs-sort-option\" data-folder=\"mdocuments\" data-sort=\"name\" data-sort-type=\"desc\" data-current-sort=\"modified\" data-current-sort-type=\"desc\" data-is-dashboard=\"\" data-hide-folder=\"\" data-hide-main-folder=\"\" >Nome<\/th>\n\t\t\t\t\t\t\t\t\t<th class=\"mdocs-modified mdocs-sort-option\" data-folder=\"mdocuments\" data-sort=\"modified\" data-sort-type=\"desc\" data-current-sort=\"modified\" data-current-sort-type=\"desc\" data-is-dashboard=\"\" data-hide-folder=\"\" data-hide-main-folder=\"\" >\u00daltima Modifica\u00e7\u00e3o <i class=\"fa fa-chevron-down\" aria-hidden=\"true\"><\/i><\/th>\n\t\t\t\t\t\t\t\t\t<th class=\"mdocs-file-size mdocs-sort-option\" data-folder=\"mdocuments\" data-sort=\"file-size\" data-sort-type=\"desc\" data-current-sort=\"modified\" data-current-sort-type=\"desc\" data-is-dashboard=\"\" data-hide-folder=\"\" data-hide-main-folder=\"\" >File Size<\/th>\n\t\t\t\t\t<\/tr>\n\t\t<\/thead>\n\t\t\t<tfoot>\n\t\t\t<tr>\n\t\t\t\t\t\t\t<th class=\"mdocs-name mdocs-sort-option\" data-folder=\"mdocuments\" data-sort=\"name\" data-sort-type=\"desc\" data-current-sort=\"modified\" data-current-sort-type=\"desc\" data-is-dashboard=\"\" data-hide-folder=\"\" data-hide-main-folder=\"\" >Nome<\/th>\n\t\t\t\t\t\t\t\t\t<th class=\"mdocs-modified mdocs-sort-option\" data-folder=\"mdocuments\" data-sort=\"modified\" data-sort-type=\"desc\" data-current-sort=\"modified\" data-current-sort-type=\"desc\" data-is-dashboard=\"\" data-hide-folder=\"\" data-hide-main-folder=\"\" >\u00daltima Modifica\u00e7\u00e3o <i class=\"fa fa-chevron-down\" aria-hidden=\"true\"><\/i><\/th>\n\t\t\t\t\t\t\t\t\t<th class=\"mdocs-file-size mdocs-sort-option\" data-folder=\"mdocuments\" data-sort=\"file-size\" data-sort-type=\"desc\" data-current-sort=\"modified\" data-current-sort-type=\"desc\" data-is-dashboard=\"\" data-hide-folder=\"\" data-hide-main-folder=\"\" >File Size<\/th>\n\t\t\t\t\t<\/tr>\n\t\t\t<\/tfoot>\n\t\t\n\t\t<tr class=\"mdocs-current-cat\" >\n\t\t\t<td colspan=\"4\" id=\"title\" class=\"mdocs-tooltip\">\n\t\t\t\t<b class=\"text-muted\"><i class=\"fas fa-folder-open\" aria-hidden=\"true\"><\/i> Institucional<\/b>\n\t\t\t<\/td>\n\t\t<\/tr>\n\t\t\t<tr class=\"mdocs-sub-cats\" >\n\t\t\t\t<td colspan=\"4\" id=\"title\" class=\"mdocs-tooltip\">\n\t\t\t\t\t&emsp;&emsp;<a class=\"mdocs-folders\" data-folder=\"mdocs-cat-1\" data-sort=\"modified\" data-sort-type=\"desc\" data-current-sort=\"modified\" data-current-sort-type=\"desc\" data-is-dashboard=\"\" data-is-folder=\"true\" data-hide-folder=\"\" data-hide-main-folder=\"\" ><i class=\"fas fa-folder\" aria-hidden=\"true\"><\/i> Atas de reuni\u00f5es<\/a>\n\t\t\t\t<\/td>\n\t\t\t<\/tr>\n\t\t\t<tr class=\"mdocs-sub-cats\" >\n\t\t\t\t<td colspan=\"4\" id=\"title\" class=\"mdocs-tooltip\">\n\t\t\t\t\t&emsp;&emsp;<a class=\"mdocs-folders\" data-folder=\"mdocs-cat-2\" data-sort=\"modified\" data-sort-type=\"desc\" data-current-sort=\"modified\" data-current-sort-type=\"desc\" data-is-dashboard=\"\" data-is-folder=\"true\" data-hide-folder=\"\" data-hide-main-folder=\"\" ><i class=\"fas fa-folder\" aria-hidden=\"true\"><\/i> Elei\u00e7\u00f5es<\/a>\n\t\t\t\t<\/td>\n\t\t\t<\/tr><tr><td colspan=\"4\"><p class=\"mdocs-nofiles\" >Nenhum arquivo encontrado no diret\u00f3rio.<\/p><\/td><\/tr><\/table><\/div><\/div><\/div>\n\t\t\t\t\t\t<\/div>\n\t\t\t\t<\/div>\n\t\t\t\t\t<\/div>\n\t\t<\/div>\n\t\t\t\t\t<\/div>\n\t\t<\/section>\n\t\t\t\t<\/div>\n\t\t","protected":false},"excerpt":{"rendered":"<p>Cidad\u00e3o: entre e acesse o portal CRA Transpar\u00eancia. A casa \u00e9 sua. O Portal da Transpar\u00eancia do CRA tem a inten\u00e7\u00e3o de permitir ao cidad\u00e3o o acesso transparente e integral a informa\u00e7\u00f5es diversas sobre a autarquia federal. A ferramenta atende \u00e0 Lei n\u00ba 12.527\/2011, denominada Lei de Acesso \u00e0 Informa\u00e7\u00e3o, que normatiza os artigos 5\u00ba<a class=\"read-more\" href=\"https:\/\/crarn.org.br\/?page_id=52889\"> [&hellip;]<\/a><\/p>\n","protected":false},"author":25,"featured_media":0,"parent":0,"menu_order":0,"comment_status":"closed","ping_status":"closed","template":"","meta":{"_price":"","_stock":"","_tribe_ticket_header":"","_tribe_default_ticket_provider":"","_tribe_ticket_capacity":"0","_ticket_start_date":"","_ticket_end_date":"","_tribe_ticket_show_description":"","_tribe_ticket_show_not_going":false,"_tribe_ticket_use_global_stock":"","_tribe_ticket_global_stock_level":"","_global_stock_mode":"","_global_stock_cap":"","_tribe_rsvp_for_event":"","_tribe_ticket_going_count":"","_tribe_ticket_not_going_count":"","_tribe_tickets_list":"[]","_tribe_ticket_has_attendee_info_fields":false,"footnotes":"","_tec_slr_enabled":"","_tec_slr_layout":"","_links_to":"","_links_to_target":""},"class_list":["post-52889","page","type-page","status-publish","hentry","entry"],"ticketed":false,"_links":{"self":[{"href":"https:\/\/crarn.org.br\/index.php?rest_route=\/wp\/v2\/pages\/52889","targetHints":{"allow":["GET"]}}],"collection":[{"href":"https:\/\/crarn.org.br\/index.php?rest_route=\/wp\/v2\/pages"}],"about":[{"href":"https:\/\/crarn.org.br\/index.php?rest_route=\/wp\/v2\/types\/page"}],"author":[{"embeddable":true,"href":"https:\/\/crarn.org.br\/index.php?rest_route=\/wp\/v2\/users\/25"}],"replies":[{"embeddable":true,"href":"https:\/\/crarn.org.br\/index.php?rest_route=%2Fwp%2Fv2%2Fcomments&post=52889"}],"version-history":[{"count":6,"href":"https:\/\/crarn.org.br\/index.php?rest_route=\/wp\/v2\/pages\/52889\/revisions"}],"predecessor-version":[{"id":62457,"href":"https:\/\/crarn.org.br\/index.php?rest_route=\/wp\/v2\/pages\/52889\/revisions\/62457"}],"wp:attachment":[{"href":"https:\/\/crarn.org.br\/index.php?rest_route=%2Fwp%2Fv2%2Fmedia&parent=52889"}],"curies":[{"name":"wp","href":"https:\/\/api.w.org\/{rel}","templated":true}]}}